{"id":733,"date":"2017-10-16T12:20:12","date_gmt":"2017-10-16T10:20:12","guid":{"rendered":"http:\/\/www.fogueretes.com\/es\/?page_id=733"},"modified":"2017-11-20T18:42:28","modified_gmt":"2017-11-20T17:42:28","slug":"home-creative-agency","status":"publish","type":"page","link":"https:\/\/www.fogueretes.com\/es\/","title":{"rendered":"Inicio Fogueretes Agullent"},"content":{"rendered":"<div class=\"fw-page-builder-content\"><img loading=\"lazy\" decoding=\"async\" src=\"http:\/\/www.fogueretes.com\/wp-content\/uploads\/2017\/09\/inici-fogueretes-luisbotella.jpg\" alt=\"\" title=\"inici-fogueretes-luisbotella\" width=\"1920\" height=\"1080\" data-bgposition=\"center center\" data-bgfit=\"cover\" data-bgrepeat=\"no-repeat\" data-bgparallax=\"off\" class=\"rev-slidebg\" data-no-retina><br \/>\n <img decoding=\"async\" src=\"http:\/\/www.fogueretes.com\/\/wp-content\/uploads\/2017\/09\/logo-blanc-fogueretes.png\" alt=\"\" data-ww=\"['332px','332px','332px','330px']\" data-hh=\"['205px','205px','205px','204px']\" data-no-retina><br \/>\n Fiesta de Inter\u00e9s Tur\u00edstico de la Comunidad Valenciana<br \/>\n Primer viernes de septiembre<br \/>\n.tp-caption.Furniture-Title,.Furniture-Title{color:rgba(0,0,0,1.00);font-size:20px;line-height:20px;font-weight:700;font-style:normal;font-family:\u00bbRaleway\u00bb;text-decoration:none;background-color:transparent;border-color:transparent;border-style:none;border-width:0px;border-radius:0px 0px 0px 0px;text-shadow:none;letter-spacing:3px}.tp-caption.fons-taronja,.fons-taronja{color:#ffffff;font-size:20px;line-height:24px;font-weight:600;font-style:normal;font-family:Raleway;text-decoration:none;background-color:#d15e25;border-color:transparent;border-style:none;border-width:0px 0px 0px 0px;border-radius:0px 0px 0px 0px;letter-spacing:2px}<br \/>\nsetREVStartSize({c: jQuery(&#8216;#rev_slider_13_1&#8217;), responsiveLevels: [1240,1024,778,480], gridwidth: [1280,1024,778,480], gridheight: [800,640,960,720], sliderLayout: &#8216;fullscreen&#8217;, fullScreenAutoWidth:&#8217;off&#8217;, fullScreenAlignForce:&#8217;off&#8217;, fullScreenOffsetContainer:\u00bb, fullScreenOffset:\u00bb});<br \/>\nvar revapi13,<br \/>\n tpj=jQuery;<br \/>\ntpj(document).ready(function() {<br \/>\n if(tpj(\u00ab#rev_slider_13_1\u00bb).revolution == undefined){<br \/>\n revslider_showDoubleJqueryError(\u00ab#rev_slider_13_1\u00bb);<br \/>\n }else{<br \/>\n revapi13 = tpj(\u00ab#rev_slider_13_1&#8243;).show().revolution({<br \/>\n sliderType:\u00bbstandard\u00bb,<br \/>\n jsFileLocation:\u00bb\/\/www.fogueretes.com\/wp-content\/plugins\/revslider\/public\/assets\/js\/\u00bb,<br \/>\n sliderLayout:\u00bbfullscreen\u00bb,<br \/>\n dottedOverlay:\u00bbnone\u00bb,<br \/>\n delay:9000,<br \/>\n navigation: {<br \/>\n keyboardNavigation:\u00bboff\u00bb,<br \/>\n keyboard_direction: \u00abhorizontal\u00bb,<br \/>\n mouseScrollNavigation:\u00bboff\u00bb,<br \/>\n mouseScrollReverse:\u00bbdefault\u00bb,<br \/>\n onHoverStop:\u00bboff\u00bb,<br \/>\n touch:{<br \/>\n touchenabled:\u00bbon\u00bb,<br \/>\n touchOnDesktop:\u00bboff\u00bb,<br \/>\n swipe_threshold: 75,<br \/>\n swipe_min_touches: 50,<br \/>\n swipe_direction: \u00abhorizontal\u00bb,<br \/>\n drag_block_vertical: false<br \/>\n }<br \/>\n },<br \/>\n responsiveLevels:[1240,1024,778,480],<br \/>\n visibilityLevels:[1240,1024,778,480],<br \/>\n gridwidth:[1280,1024,778,480],<br \/>\n gridheight:[800,640,960,720],<br \/>\n lazyType:\u00bbnone\u00bb,<br \/>\n parallax: {<br \/>\n type:\u00bbmouse\u00bb,<br \/>\n origo:\u00bbslidercenter\u00bb,<br \/>\n speed:2000,<br \/>\n speedbg:0,<br \/>\n speedls:0,<br \/>\n levels:[2,3,4,5,6,7,12,16,10,50,47,48,49,50,51,55],<br \/>\n },<br \/>\n shadow:0,<br \/>\n spinner:\u00bboff\u00bb,<br \/>\n stopLoop:\u00bboff\u00bb,<br \/>\n stopAfterLoops:-1,<br \/>\n stopAtSlide:-1,<br \/>\n shuffle:\u00bboff\u00bb,<br \/>\n autoHeight:\u00bboff\u00bb,<br \/>\n fullScreenAutoWidth:\u00bboff\u00bb,<br \/>\n fullScreenAlignForce:\u00bboff\u00bb,<br \/>\n fullScreenOffsetContainer: \u00ab\u00bb,<br \/>\n fullScreenOffset: \u00ab\u00bb,<br \/>\n disableProgressBar:\u00bbon\u00bb,<br \/>\n hideThumbsOnMobile:\u00bboff\u00bb,<br \/>\n hideSliderAtLimit:0,<br \/>\n hideCaptionAtLimit:0,<br \/>\n hideAllCaptionAtLilmit:0,<br \/>\n debugMode:false,<br \/>\n fallbacks: {<br \/>\n simplifyAll:\u00bboff\u00bb,<br \/>\n nextSlideOnWindowFocus:\u00bboff\u00bb,<br \/>\n disableFocusListener:false,<br \/>\n }<br \/>\n });<br \/>\n }<br \/>\n}); \/*ready*\/<br \/>\n <a href=\"javascript:;\" class=\"skip-slider\"><\/a><\/p>\n<h2 class=\"h2 wow zoomInDown\" style=\"color: #e2e2e2\">Origen de la fiesta<\/h2>\n<p>Durante el verano del a\u00f1o 1600, estall\u00f3 en Agullent una epidemia de peste bub\u00f3nica, tambi\u00e9n llamada \u201cmodorra\u201d, un mal que desde hac\u00eda meses afectaba a las poblaciones vecinas. El 7 de agosto, los jurados de la villa comunican al virrey la sospecha de que la peste ha invadido la poblaci\u00f3n y toman las medidas pertinentes, como la incomunicaci\u00f3n de los familiares que hab\u00edan tenido enfermos en casa, la incineraci\u00f3n de ropas apestadas\u2026 pero en Agullent la peste no fue demasiado virulenta. La epidemia apenas dur\u00f3 un mes y s\u00f3lo caus\u00f3 83 muertos.<\/p>\n<p><a href=\"origen\" id=\"Submit\" target=\"_self\" class=\"button orange inverted\" style=\"\">Seguir leyendo<\/a><br \/>\n <img decoding=\"async\" src=\"\/\/www.fogueretes.com\/\/wp-content\/uploads\/2017\/09\/David-CantilloI-fogueretes-agullent.jpg\" alt=\"\/\/www.fogueretes.com\/\/wp-content\/uploads\/2017\/09\/David-CantilloI-fogueretes-agullent.jpg\" \/><br \/>\n <a href=\"http:\/\/www.fogueretes.com\/wp-content\/uploads\/2017\/10\/Nit-Fogueretes-folleto-web-es.pdf\" target=\"_blank\" ><img decoding=\"async\" src=\"\/\/www.fogueretes.com\/wp-content\/uploads\/2017\/10\/Nit-de-les-Fogueretes-ES.png\" alt=\"\/\/www.fogueretes.com\/wp-content\/uploads\/2017\/10\/Nit-de-les-Fogueretes-ES.png\" \/><\/a><br \/>\n <a href=\"http:\/\/www.fogueretes.com\/wp-content\/uploads\/2017\/10\/Nit-Fogueretes-folleto-web-es.pdf\" id=\"Submit\" target=\"_blank\" class=\"button black inverted center\" style=\"\">Descarga el PDF<\/a><\/p>\n<h2 class=\"h1\">Conoce la fiesta<\/h2>\n<p> <a href=\"\/\/www.youtube.com\/watch?v=4QhNdnCMTrk\" class=\"button-video-play lightbox wow wobble\" data-wow-delay=\"0.2s\"><\/a><br \/>\n Festes del Miracle01:29<br \/>\n #shortcode-play-video-id-5a1314049c224 * {<br \/>\n color: #000000 !important; }<\/p>\n<h2 class=\"h2 wow zoomInDown\" style=\"text-align: center\">Agullent, un destino para todo el a\u00f1o<\/h2>\n<p> <a href=\"agullent\" target=\"_self\" ><img decoding=\"async\" src=\"\/\/www.fogueretes.com\/wp-content\/uploads\/2017\/09\/agullent-patrimoni.jpg\" alt=\"\/\/www.fogueretes.com\/wp-content\/uploads\/2017\/09\/agullent-patrimoni.jpg\" \/><\/a><\/p>\n<p><!-- 5bcb900817c092b9db7b7ba4fc394c36 --><\/div>\n","protected":false},"excerpt":{"rendered":"<p>Fiesta de Inter\u00e9s Tur\u00edstico de la Comunidad Valenciana Primer viernes de septiembre .tp-caption.Furniture-Title,.Furniture-Title{color:rgba(0,0,0,1.00);font-size:20px;line-height:20px;font-weight:700;font-style:normal;font-family:\u00bbRaleway\u00bb;text-decoration:none;background-color:transparent;border-color:transparent;border-style:none;border-width:0px;border-radius:0px 0px 0px 0px;text-shadow:none;letter-spacing:3px}.tp-caption.fons-taronja,.fons-taronja{color:#ffffff;font-size:20px;line-height:24px;font-weight:600;font-style:normal;font-family:Raleway;text-decoration:none;background-color:#d15e25;border-color:transparent;border-style:none;border-width:0px 0px 0px 0px;border-radius:0px 0px 0px 0px;letter-spacing:2px} setREVStartSize({c: jQuery(&#8216;#rev_slider_13_1&#8217;), responsiveLevels: [1240,1024,778,480], gridwidth: [1280,1024,778,480], gridheight: [800,640,960,720], sliderLayout: &#8216;fullscreen&#8217;, fullScreenAutoWidth:&#8217;off&#8217;, fullScreenAlignForce:&#8217;off&#8217;, fullScreenOffsetContainer:\u00bb, fullScreenOffset:\u00bb}); var revapi13, tpj=jQuery; tpj(document).ready(function() { if(tpj(\u00ab#rev_slider_13_1\u00bb).revolution == undefined){ revslider_showDoubleJqueryError(\u00ab#rev_slider_13_1\u00bb); }else{ revapi13 = tpj(\u00ab#rev_slider_13_1&#8243;).show().revolution({ sliderType:\u00bbstandard\u00bb, jsFileLocation:\u00bb\/\/www.fogueretes.com\/wp-content\/plugins\/revslider\/public\/assets\/js\/\u00bb, sliderLayout:\u00bbfullscreen\u00bb, dottedOverlay:\u00bbnone\u00bb, delay:9000, navigation: [&hellip;]<\/p>\n","protected":false},"author":2,"featured_media":0,"parent":0,"menu_order":0,"comment_status":"closed","ping_status":"closed","template":"page-template-custom.php","meta":{"footnotes":""},"class_list":["post-733","page","type-page","status-publish","hentry"],"_links":{"self":[{"href":"https:\/\/www.fogueretes.com\/es\/wp-json\/wp\/v2\/pages\/733","targetHints":{"allow":["GET"]}}],"collection":[{"href":"https:\/\/www.fogueretes.com\/es\/wp-json\/wp\/v2\/pages"}],"about":[{"href":"https:\/\/www.fogueretes.com\/es\/wp-json\/wp\/v2\/types\/page"}],"author":[{"embeddable":true,"href":"https:\/\/www.fogueretes.com\/es\/wp-json\/wp\/v2\/users\/2"}],"replies":[{"embeddable":true,"href":"https:\/\/www.fogueretes.com\/es\/wp-json\/wp\/v2\/comments?post=733"}],"version-history":[{"count":10,"href":"https:\/\/www.fogueretes.com\/es\/wp-json\/wp\/v2\/pages\/733\/revisions"}],"predecessor-version":[{"id":869,"href":"https:\/\/www.fogueretes.com\/es\/wp-json\/wp\/v2\/pages\/733\/revisions\/869"}],"wp:attachment":[{"href":"https:\/\/www.fogueretes.com\/es\/wp-json\/wp\/v2\/media?parent=733"}],"curies":[{"name":"wp","href":"https:\/\/api.w.org\/{rel}","templated":true}]}}