{"id":759,"date":"2017-09-22T10:29:20","date_gmt":"2017-09-22T08:29:20","guid":{"rendered":"http:\/\/www.fogueretes.com\/es\/origen\/"},"modified":"2017-10-17T12:20:21","modified_gmt":"2017-10-17T10:20:21","slug":"origen","status":"publish","type":"page","link":"https:\/\/www.fogueretes.com\/es\/origen\/","title":{"rendered":"Origen"},"content":{"rendered":"<div class=\"fw-page-builder-content\"><img loading=\"lazy\" decoding=\"async\" src=\"http:\/\/www.fogueretes.com\/wp-content\/uploads\/2017\/10\/origen-header-3.jpg\" alt=\"\" title=\"origen-header-3\" width=\"1140\" height=\"525\" data-bgposition=\"center center\" data-bgfit=\"cover\" data-bgrepeat=\"no-repeat\" class=\"rev-slidebg\" data-no-retina><br \/>\nsetREVStartSize({c: jQuery(&#8216;#rev_slider_5_1&#8217;), gridwidth: [1140], gridheight: [525], sliderLayout: &#8216;auto&#8217;});<br \/>\nvar revapi5,<br \/>\n tpj=jQuery;<br \/>\ntpj(document).ready(function() {<br \/>\n if(tpj(\u00ab#rev_slider_5_1\u00bb).revolution == undefined){<br \/>\n revslider_showDoubleJqueryError(\u00ab#rev_slider_5_1\u00bb);<br \/>\n }else{<br \/>\n revapi5 = tpj(\u00ab#rev_slider_5_1&#8243;).show().revolution({<br \/>\n sliderType:\u00bbstandard\u00bb,<br \/>\n jsFileLocation:\u00bb\/\/www.fogueretes.com\/wp-content\/plugins\/revslider\/public\/assets\/js\/\u00bb,<br \/>\n sliderLayout:\u00bbauto\u00bb,<br \/>\n dottedOverlay:\u00bbnone\u00bb,<br \/>\n delay:9000,<br \/>\n navigation: {<br \/>\n onHoverStop:\u00bboff\u00bb,<br \/>\n },<br \/>\n visibilityLevels:[1240,1024,778,480],<br \/>\n gridwidth:1140,<br \/>\n gridheight:525,<br \/>\n lazyType:\u00bbnone\u00bb,<br \/>\n shadow:0,<br \/>\n spinner:\u00bbspinner0&#8243;,<br \/>\n stopLoop:\u00bboff\u00bb,<br \/>\n stopAfterLoops:-1,<br \/>\n stopAtSlide:-1,<br \/>\n shuffle:\u00bboff\u00bb,<br \/>\n autoHeight:\u00bboff\u00bb,<br \/>\n disableProgressBar:\u00bbon\u00bb,<br \/>\n hideThumbsOnMobile:\u00bboff\u00bb,<br \/>\n hideSliderAtLimit:0,<br \/>\n hideCaptionAtLimit:0,<br \/>\n hideAllCaptionAtLilmit:0,<br \/>\n debugMode:false,<br \/>\n fallbacks: {<br \/>\n simplifyAll:\u00bboff\u00bb,<br \/>\n nextSlideOnWindowFocus:\u00bboff\u00bb,<br \/>\n disableFocusListener:false,<br \/>\n }<br \/>\n });<br \/>\n }<br \/>\n}); \/*ready*\/<\/p>\n<h1 class=\"\" style=\"color: #f4f4f4\">Los or\u00edgenes de la fiesta<\/h1>\n<p>LOS TIEMPOS DE LA PESTE<\/p>\n<p>Durante el verano del a\u00f1o 1600, estall\u00f3 en Agullent una epidemia de peste bub\u00f3nica, tambi\u00e9n llamada \u201cmodorra\u201d, un mal que desde hac\u00eda meses afectaba a las poblaciones vecinas. El 7 de agosto, los jurados de la villa, comunican al virrey la sospecha de que la peste ha invadido la poblaci\u00f3n y toman las medidas pertinentes, como la incomunicaci\u00f3n de los familiares que hab\u00edan tenido enfermos en casa, la incineraci\u00f3n de ropas apestadas\u2026 pero en Agullent la peste no fue demasiado virulenta. La epidemia apenas dur\u00f3 un mes y s\u00f3lo caus\u00f3 83 muertos.<\/p>\n<p><a href=\"http:\/\/www.fogueretes.com\/wp-content\/uploads\/2017\/10\/aceite-milagroso.jpg\"><img loading=\"lazy\" decoding=\"async\" class=\"wp-image-807 size-full alignright\" src=\"http:\/\/www.fogueretes.com\/wp-content\/uploads\/2017\/10\/aceite-milagroso.jpg\" alt=\"\" width=\"458\" height=\"468\" srcset=\"https:\/\/www.fogueretes.com\/wp-content\/uploads\/2017\/10\/aceite-milagroso.jpg 458w, https:\/\/www.fogueretes.com\/wp-content\/uploads\/2017\/10\/aceite-milagroso-147x150.jpg 147w, https:\/\/www.fogueretes.com\/wp-content\/uploads\/2017\/10\/aceite-milagroso-294x300.jpg 294w\" sizes=\"auto, (max-width: 458px) 100vw, 458px\" \/><\/a>EL MILAGRO DE LA L\u00c1MPARA<\/p>\n<p>La tradici\u00f3n dice que el d\u00eda 4 de septiembre de 1600 tuvo lugar el milagro que liber\u00f3 a pueblo del mal contagioso. Uno de los documentos m\u00e1s antiguos que narra estos hechos procede de 1658 y se conoce como \u201cDecreto del Miracle\u201d. En \u00e9l se narra como durante la peste, la gente del pueblo hab\u00eda buscado refugio en la sierra y en el campo. El ermita\u00f1o, Joan Solves, que cuidaba el santuario de Sant Vicent Ferrer, no se atrev\u00eda ni siquiera a bajar al pueblo, y por eso, no ten\u00eda aceite para la l\u00e1mpara del santo. El d\u00eda 3 de septiembre, por la noche, el ermita\u00f1o oy\u00f3 un rumor en la ermita: se acerc\u00f3 para comprobar qu\u00e9 podr\u00eda ser y vio la figura de un fraile dominico arrodillado al pie del altar. Corri\u00f3 a comunicarlo a su mujer y, cuando volvi\u00f3 a la iglesia, ya no vio ning\u00fan fraile, a pesar de que la puerta se encontraba cerrada. En cambio, la l\u00e1mpara estaba sobresaliendo de aceite, con una luz muy flamante. Ante tan gran misterio, el ermita\u00f1o corri\u00f3 para comunicarlo a las autoridades; toc\u00f3 la campana y \u201co\u00eddas por toda la gente del lugar y barracas del t\u00e9rmino public\u00e1ndose dicho milagro empezaron a hacer luminarias y disparar muchos arcabuces.\u201d De aquella luz y de aquel aceite milagroso todos recibieron curaci\u00f3n. La gente se llevaba el aceite, sin que menguara en la l\u00e1mpara, y no se apagaba, aunque soplaba viento atramontanado. Era un signo ineludible de la protecci\u00f3n que Sant Vicent Ferrer iba a dispensarlos.<\/p>\n<p>ACCI\u00d3N DE GRACIAS<\/p>\n<p>S\u00f3lo un vecino, Andreu Calatayud se mostr\u00f3 incr\u00e9dulo ante todas las cosas que contaban sus convecinos. Se mofaba de su entusiasmo y fe; pero, empujado por la curiosidad, acudi\u00f3 tambi\u00e9n a la ermita. Ya ante la l\u00e1mpara, \u00e9sta se descolg\u00f3 y cay\u00f3 al suelo; se qued\u00f3 clavada, sin que cayera una gota de aceite ni se apagara la luz. Calatayud pidi\u00f3 perd\u00f3n por su incredulidad y, como el resto, se ungi\u00f3 con el aceite milagroso. El d\u00eda cinco de septiembre, al hacerse de d\u00eda, \u201cse juntaron todos los que viv\u00edan en los campos y todo el pueblo subi\u00f3 a la dicha ermita con solemne procesi\u00f3n y hisiseron una solemne fiesta en hasimiento de grasias con diferentes truenos de alcabuses.\u201d A partir de este momento el pueblo entero reconoc\u00eda la intervenci\u00f3n celestial y aclamaba a Sant Vicent Ferrer como patr\u00f3n.<\/p>\n<p>FUEGOS ARTIFICIALES Y DISPAROS DE ARCABUCES<\/p>\n<p>La alegr\u00eda que experimentaron todos los vecinos al enterarse del milagro, se manifest\u00f3 encendiendo \u201cmolts focs i disparant molts arcabu\u00e7os.\u201d Unas manifestaciones, sin duda, espont\u00e1neas que respond\u00edan a aquello que era habitual en estos casos. Disparar armas al aire, como se\u00f1al de gozo y como homenaje, era habitual en las ceremonias y grandes acontecimientos, en los acompa\u00f1amientos procesionales y en las escoltas a reyes y personas principales; encender hogueras la v\u00edspera de las festividades era y contin\u00faa siendo una costumbre arraigada. El recuerdo de aquella noche feliz se transform\u00f3 con los a\u00f1os en un ritual: la Nit de les Fogueretes. En octubre de ese mismo a\u00f1o 1600, el consistorio hizo el Voto de celebrar una fiesta anual, como as\u00ed consta en el Llibre de Consells.<\/p>\n<p><!-- c0a4f3f705ed193ce95539b9d7fe326e --><\/div>\n","protected":false},"excerpt":{"rendered":"<p>setREVStartSize({c: jQuery(&#8216;#rev_slider_5_1&#8217;), gridwidth: [1140], gridheight: [525], sliderLayout: &#8216;auto&#8217;}); var revapi5, tpj=jQuery; tpj(document).ready(function() { if(tpj(\u00ab#rev_slider_5_1\u00bb).revolution == undefined){ revslider_showDoubleJqueryError(\u00ab#rev_slider_5_1\u00bb); }else{ revapi5 = tpj(\u00ab#rev_slider_5_1&#8243;).show().revolution({ sliderType:\u00bbstandard\u00bb, jsFileLocation:\u00bb\/\/www.fogueretes.com\/wp-content\/plugins\/revslider\/public\/assets\/js\/\u00bb, sliderLayout:\u00bbauto\u00bb, dottedOverlay:\u00bbnone\u00bb, delay:9000, navigation: { onHoverStop:\u00bboff\u00bb, }, visibilityLevels:[1240,1024,778,480], gridwidth:1140, gridheight:525, lazyType:\u00bbnone\u00bb, shadow:0, spinner:\u00bbspinner0&#8243;, stopLoop:\u00bboff\u00bb, stopAfterLoops:-1, stopAtSlide:-1, shuffle:\u00bboff\u00bb, autoHeight:\u00bboff\u00bb, disableProgressBar:\u00bbon\u00bb, hideThumbsOnMobile:\u00bboff\u00bb, hideSliderAtLimit:0, hideCaptionAtLimit:0, hideAllCaptionAtLilmit:0, debugMode:false, fallbacks: { simplifyAll:\u00bboff\u00bb, nextSlideOnWindowFocus:\u00bboff\u00bb, disableFocusListener:false, } }); } [&hellip;]<\/p>\n","protected":false},"author":2,"featured_media":0,"parent":0,"menu_order":0,"comment_status":"closed","ping_status":"closed","template":"page-template-custom.php","meta":{"footnotes":""},"class_list":["post-759","page","type-page","status-publish","hentry"],"_links":{"self":[{"href":"https:\/\/www.fogueretes.com\/es\/wp-json\/wp\/v2\/pages\/759","targetHints":{"allow":["GET"]}}],"collection":[{"href":"https:\/\/www.fogueretes.com\/es\/wp-json\/wp\/v2\/pages"}],"about":[{"href":"https:\/\/www.fogueretes.com\/es\/wp-json\/wp\/v2\/types\/page"}],"author":[{"embeddable":true,"href":"https:\/\/www.fogueretes.com\/es\/wp-json\/wp\/v2\/users\/2"}],"replies":[{"embeddable":true,"href":"https:\/\/www.fogueretes.com\/es\/wp-json\/wp\/v2\/comments?post=759"}],"version-history":[{"count":6,"href":"https:\/\/www.fogueretes.com\/es\/wp-json\/wp\/v2\/pages\/759\/revisions"}],"predecessor-version":[{"id":811,"href":"https:\/\/www.fogueretes.com\/es\/wp-json\/wp\/v2\/pages\/759\/revisions\/811"}],"wp:attachment":[{"href":"https:\/\/www.fogueretes.com\/es\/wp-json\/wp\/v2\/media?parent=759"}],"curies":[{"name":"wp","href":"https:\/\/api.w.org\/{rel}","templated":true}]}}