{"id":766,"date":"2017-09-27T19:04:45","date_gmt":"2017-09-27T17:04:45","guid":{"rendered":"http:\/\/www.fogueretes.com\/es\/agullent\/"},"modified":"2017-10-25T12:12:06","modified_gmt":"2017-10-25T10:12:06","slug":"agullent","status":"publish","type":"page","link":"https:\/\/www.fogueretes.com\/es\/agullent\/","title":{"rendered":"Agullent"},"content":{"rendered":"<div class=\"fw-page-builder-content\"><img loading=\"lazy\" decoding=\"async\" src=\"http:\/\/www.fogueretes.com\/wp-content\/uploads\/2017\/09\/agullent-header-negre.jpg\" alt=\"\" title=\"agullent-header-negre\" width=\"1140\" height=\"525\" data-bgposition=\"center center\" data-bgfit=\"cover\" data-bgrepeat=\"no-repeat\" class=\"rev-slidebg\" data-no-retina><br \/>\nsetREVStartSize({c: jQuery(&#8216;#rev_slider_9_1&#8217;), gridwidth: [1140], gridheight: [525], sliderLayout: &#8216;auto&#8217;});<br \/>\nvar revapi9,<br \/>\n tpj=jQuery;<br \/>\ntpj(document).ready(function() {<br \/>\n if(tpj(\u00ab#rev_slider_9_1\u00bb).revolution == undefined){<br \/>\n revslider_showDoubleJqueryError(\u00ab#rev_slider_9_1\u00bb);<br \/>\n }else{<br \/>\n revapi9 = tpj(\u00ab#rev_slider_9_1&#8243;).show().revolution({<br \/>\n sliderType:\u00bbstandard\u00bb,<br \/>\n jsFileLocation:\u00bb\/\/www.fogueretes.com\/wp-content\/plugins\/revslider\/public\/assets\/js\/\u00bb,<br \/>\n sliderLayout:\u00bbauto\u00bb,<br \/>\n dottedOverlay:\u00bbnone\u00bb,<br \/>\n delay:9000,<br \/>\n navigation: {<br \/>\n onHoverStop:\u00bboff\u00bb,<br \/>\n },<br \/>\n visibilityLevels:[1240,1024,778,480],<br \/>\n gridwidth:1140,<br \/>\n gridheight:525,<br \/>\n lazyType:\u00bbnone\u00bb,<br \/>\n shadow:0,<br \/>\n spinner:\u00bbspinner0&#8243;,<br \/>\n stopLoop:\u00bboff\u00bb,<br \/>\n stopAfterLoops:-1,<br \/>\n stopAtSlide:-1,<br \/>\n shuffle:\u00bboff\u00bb,<br \/>\n autoHeight:\u00bboff\u00bb,<br \/>\n disableProgressBar:\u00bbon\u00bb,<br \/>\n hideThumbsOnMobile:\u00bboff\u00bb,<br \/>\n hideSliderAtLimit:0,<br \/>\n hideCaptionAtLimit:0,<br \/>\n hideAllCaptionAtLilmit:0,<br \/>\n debugMode:false,<br \/>\n fallbacks: {<br \/>\n simplifyAll:\u00bboff\u00bb,<br \/>\n nextSlideOnWindowFocus:\u00bboff\u00bb,<br \/>\n disableFocusListener:false,<br \/>\n }<br \/>\n });<br \/>\n }<br \/>\n}); \/*ready*\/<\/p>\n<h1 class=\"\" style=\"color: #f4f4f4\">Agullent<\/h1>\n<p>Agullent est\u00e1 ubicado a menos de una hora de Valencia y de Alicante. Una distancia suficiente para recuperar la esencia de los pueblos de interior, con un fuerte v\u00ednculo con la naturaleza, el patrimonio y las tradiciones como la Nit de las Fogueretes o las Fiestas de Moros y Cristianos (semana despu\u00e9s de Pascua).<\/p>\n<p>Enclavado a los pies de la Sierra de Agullent, el pueblo es un punto neur\u00e1lgico de salida de numerosas rutas excursionistas, y un excelente lugar de descanso para la vuelta, con alojamientos para todos los bolsillos: una casa rural en las afueras, un albergue en la ermita de Sant Vicent Ferrer y un hotel rural ubicado en el antiguo Mol\u00ed Fariner, donde tambi\u00e9n se puede visitar una peque\u00f1a colecci\u00f3n museogr\u00e1fica.<\/p>\n<p>La Font del Patge, la Covalta o la Cova de les Finestres son destinos senderistas no demasiado exigentes que nos permiten acercarnos a la Sierra Mariola, en su acceso desde Agres o Alfafara. Adem\u00e1s, desde la ermita de Sant Vicent Ferrer se pueden emprender cinco rutas de bicicleta de monta\u00f1a se\u00f1alizadas, ya que es centro de informaci\u00f3n oficial de la red de rutas BTT de la Generalitat Valenciana. Algunas de las rutas senderistas y las de BTT est\u00e1n condensadas en la APP \u201cRutas Agullent\u201d.<\/p>\n<p>Durante la estancia, hay que acercarse hasta el Fornet de la Neu, la ermita, los lavaderos y, por supuesto, al parque de la Font Jordana. Tambi\u00e9n hay que tener previsto hacer una \u201cdegustaci\u00f3n\u201d de la gastronom\u00eda local, en la cual destacan los embutidos tradicionales y arroces, regados por la cerveza Lluna Blanca de Agullent, artesana y ecol\u00f3gica, o por un vino de la bodega de la Casa de las Vides.<\/p>\n<p>Al final del d\u00eda, es momento de inspirar pausadamente, disfrutando del paisaje que ofrecen las casas del centro hist\u00f3rico mientras el sol que se esconde detr\u00e1s de la sierra del Benicadell acaricia los tejados.<\/p>\n<p>Agullent regala calma. \u00bfVienes?<\/p>\n<p><a href=\"http:\/\/www.turismeagullent.com\" target=\"_blank\" class=\"button orange\" style=\"\">Turismo Agullent<\/a><br \/>\n<a href=\"https:\/\/goo.gl\/maps\/ft2eA6hwYZG2\" target=\"_blank\" class=\"button red\" style=\"\">Agullent en el mapa<\/a><br \/>\n<a href=\"mailto:info@turismeagullent.com\" target=\"_blank\" class=\"button pink\" style=\"\">Cont\u00e1ctanos<\/a><\/p>\n<p><a class=\"zoom lightbox\" href=\"http:\/\/www.fogueretes.com\/\/wp-content\/uploads\/2017\/09\/agullent04.jpg\"><img loading=\"lazy\" decoding=\"async\" class=\"alignnone wp-image-644 size-full\" src=\"http:\/\/www.fogueretes.com\/\/wp-content\/uploads\/2017\/09\/agullent04.jpg\" alt=\"\" width=\"1140\" height=\"760\" srcset=\"https:\/\/www.fogueretes.com\/wp-content\/uploads\/2017\/09\/agullent04.jpg 1140w, https:\/\/www.fogueretes.com\/wp-content\/uploads\/2017\/09\/agullent04-150x100.jpg 150w, https:\/\/www.fogueretes.com\/wp-content\/uploads\/2017\/09\/agullent04-300x200.jpg 300w, https:\/\/www.fogueretes.com\/wp-content\/uploads\/2017\/09\/agullent04-768x512.jpg 768w, https:\/\/www.fogueretes.com\/wp-content\/uploads\/2017\/09\/agullent04-1024x683.jpg 1024w\" sizes=\"auto, (max-width: 1140px) 100vw, 1140px\" \/><\/a><\/p>\n<p><a class=\"zoom lightbox\" href=\"http:\/\/www.fogueretes.com\/\/wp-content\/uploads\/2017\/09\/agullent02.jpg\"><img loading=\"lazy\" decoding=\"async\" class=\"alignnone wp-image-642 size-full\" src=\"http:\/\/www.fogueretes.com\/\/wp-content\/uploads\/2017\/09\/agullent02.jpg\" alt=\"\" width=\"1140\" height=\"760\" srcset=\"https:\/\/www.fogueretes.com\/wp-content\/uploads\/2017\/09\/agullent02.jpg 1140w, https:\/\/www.fogueretes.com\/wp-content\/uploads\/2017\/09\/agullent02-150x100.jpg 150w, https:\/\/www.fogueretes.com\/wp-content\/uploads\/2017\/09\/agullent02-300x200.jpg 300w, https:\/\/www.fogueretes.com\/wp-content\/uploads\/2017\/09\/agullent02-768x512.jpg 768w, https:\/\/www.fogueretes.com\/wp-content\/uploads\/2017\/09\/agullent02-1024x683.jpg 1024w\" sizes=\"auto, (max-width: 1140px) 100vw, 1140px\" \/><\/a><\/p>\n<p><a class=\"zoom lightbox\" href=\"http:\/\/www.fogueretes.com\/\/wp-content\/uploads\/2017\/09\/agullent03.jpg\"><img loading=\"lazy\" decoding=\"async\" class=\"alignnone wp-image-643 size-full\" src=\"http:\/\/www.fogueretes.com\/\/wp-content\/uploads\/2017\/09\/agullent03.jpg\" alt=\"\" width=\"1140\" height=\"760\" srcset=\"https:\/\/www.fogueretes.com\/wp-content\/uploads\/2017\/09\/agullent03.jpg 1140w, https:\/\/www.fogueretes.com\/wp-content\/uploads\/2017\/09\/agullent03-150x100.jpg 150w, https:\/\/www.fogueretes.com\/wp-content\/uploads\/2017\/09\/agullent03-300x200.jpg 300w, https:\/\/www.fogueretes.com\/wp-content\/uploads\/2017\/09\/agullent03-768x512.jpg 768w, https:\/\/www.fogueretes.com\/wp-content\/uploads\/2017\/09\/agullent03-1024x683.jpg 1024w\" sizes=\"auto, (max-width: 1140px) 100vw, 1140px\" \/><\/a><\/p>\n<p><a class=\"zoom lightbox\" href=\"http:\/\/www.fogueretes.com\/wp-content\/uploads\/2017\/10\/agullent-Raul-Beneito.jpg\"><img loading=\"lazy\" decoding=\"async\" class=\"alignnone wp-image-816 size-full\" src=\"http:\/\/www.fogueretes.com\/wp-content\/uploads\/2017\/10\/agullent-Raul-Beneito.jpg\" alt=\"\" width=\"1140\" height=\"760\" srcset=\"https:\/\/www.fogueretes.com\/wp-content\/uploads\/2017\/10\/agullent-Raul-Beneito.jpg 1140w, https:\/\/www.fogueretes.com\/wp-content\/uploads\/2017\/10\/agullent-Raul-Beneito-150x100.jpg 150w, https:\/\/www.fogueretes.com\/wp-content\/uploads\/2017\/10\/agullent-Raul-Beneito-300x200.jpg 300w, https:\/\/www.fogueretes.com\/wp-content\/uploads\/2017\/10\/agullent-Raul-Beneito-768x512.jpg 768w, https:\/\/www.fogueretes.com\/wp-content\/uploads\/2017\/10\/agullent-Raul-Beneito-1024x683.jpg 1024w\" sizes=\"auto, (max-width: 1140px) 100vw, 1140px\" \/><\/a><\/p>\n<p><!-- ef15ae9ddcd896f7b65976c440b8cdd6 --><\/div>\n","protected":false},"excerpt":{"rendered":"<p>setREVStartSize({c: jQuery(&#8216;#rev_slider_9_1&#8217;), gridwidth: [1140], gridheight: [525], sliderLayout: &#8216;auto&#8217;}); var revapi9, tpj=jQuery; tpj(document).ready(function() { if(tpj(\u00ab#rev_slider_9_1\u00bb).revolution == undefined){ revslider_showDoubleJqueryError(\u00ab#rev_slider_9_1\u00bb); }else{ revapi9 = tpj(\u00ab#rev_slider_9_1&#8243;).show().revolution({ sliderType:\u00bbstandard\u00bb, jsFileLocation:\u00bb\/\/www.fogueretes.com\/wp-content\/plugins\/revslider\/public\/assets\/js\/\u00bb, sliderLayout:\u00bbauto\u00bb, dottedOverlay:\u00bbnone\u00bb, delay:9000, navigation: { onHoverStop:\u00bboff\u00bb, }, visibilityLevels:[1240,1024,778,480], gridwidth:1140, gridheight:525, lazyType:\u00bbnone\u00bb, shadow:0, spinner:\u00bbspinner0&#8243;, stopLoop:\u00bboff\u00bb, stopAfterLoops:-1, stopAtSlide:-1, shuffle:\u00bboff\u00bb, autoHeight:\u00bboff\u00bb, disableProgressBar:\u00bbon\u00bb, hideThumbsOnMobile:\u00bboff\u00bb, hideSliderAtLimit:0, hideCaptionAtLimit:0, hideAllCaptionAtLilmit:0, debugMode:false, fallbacks: { simplifyAll:\u00bboff\u00bb, nextSlideOnWindowFocus:\u00bboff\u00bb, disableFocusListener:false, } }); } [&hellip;]<\/p>\n","protected":false},"author":2,"featured_media":0,"parent":0,"menu_order":0,"comment_status":"closed","ping_status":"closed","template":"page-template-custom.php","meta":{"footnotes":""},"class_list":["post-766","page","type-page","status-publish","hentry"],"_links":{"self":[{"href":"https:\/\/www.fogueretes.com\/es\/wp-json\/wp\/v2\/pages\/766","targetHints":{"allow":["GET"]}}],"collection":[{"href":"https:\/\/www.fogueretes.com\/es\/wp-json\/wp\/v2\/pages"}],"about":[{"href":"https:\/\/www.fogueretes.com\/es\/wp-json\/wp\/v2\/types\/page"}],"author":[{"embeddable":true,"href":"https:\/\/www.fogueretes.com\/es\/wp-json\/wp\/v2\/users\/2"}],"replies":[{"embeddable":true,"href":"https:\/\/www.fogueretes.com\/es\/wp-json\/wp\/v2\/comments?post=766"}],"version-history":[{"count":4,"href":"https:\/\/www.fogueretes.com\/es\/wp-json\/wp\/v2\/pages\/766\/revisions"}],"predecessor-version":[{"id":820,"href":"https:\/\/www.fogueretes.com\/es\/wp-json\/wp\/v2\/pages\/766\/revisions\/820"}],"wp:attachment":[{"href":"https:\/\/www.fogueretes.com\/es\/wp-json\/wp\/v2\/media?parent=766"}],"curies":[{"name":"wp","href":"https:\/\/api.w.org\/{rel}","templated":true}]}}