{"id":774,"date":"2017-09-27T18:09:04","date_gmt":"2017-09-27T16:09:04","guid":{"rendered":"http:\/\/www.fogueretes.com\/es\/els-preparatius\/"},"modified":"2017-10-16T13:48:31","modified_gmt":"2017-10-16T11:48:31","slug":"los-preparativos","status":"publish","type":"page","link":"https:\/\/www.fogueretes.com\/es\/los-preparativos\/","title":{"rendered":"Los preparativos"},"content":{"rendered":"<div class=\"fw-page-builder-content\"><img loading=\"lazy\" decoding=\"async\" src=\"http:\/\/www.fogueretes.com\/wp-content\/uploads\/2017\/09\/preparatius-header-negre.jpg\" alt=\"\" title=\"preparatius-header-negre\" width=\"1140\" height=\"525\" data-bgposition=\"center center\" data-bgfit=\"cover\" data-bgrepeat=\"no-repeat\" class=\"rev-slidebg\" data-no-retina><br \/>\nsetREVStartSize({c: jQuery(&#8216;#rev_slider_8_1&#8217;), gridwidth: [1140], gridheight: [525], sliderLayout: &#8216;auto&#8217;});<br \/>\nvar revapi8,<br \/>\n tpj=jQuery;<br \/>\ntpj(document).ready(function() {<br \/>\n if(tpj(\u00ab#rev_slider_8_1\u00bb).revolution == undefined){<br \/>\n revslider_showDoubleJqueryError(\u00ab#rev_slider_8_1\u00bb);<br \/>\n }else{<br \/>\n revapi8 = tpj(\u00ab#rev_slider_8_1&#8243;).show().revolution({<br \/>\n sliderType:\u00bbstandard\u00bb,<br \/>\n jsFileLocation:\u00bb\/\/www.fogueretes.com\/wp-content\/plugins\/revslider\/public\/assets\/js\/\u00bb,<br \/>\n sliderLayout:\u00bbauto\u00bb,<br \/>\n dottedOverlay:\u00bbnone\u00bb,<br \/>\n delay:9000,<br \/>\n navigation: {<br \/>\n onHoverStop:\u00bboff\u00bb,<br \/>\n },<br \/>\n visibilityLevels:[1240,1024,778,480],<br \/>\n gridwidth:1140,<br \/>\n gridheight:525,<br \/>\n lazyType:\u00bbnone\u00bb,<br \/>\n shadow:0,<br \/>\n spinner:\u00bbspinner0&#8243;,<br \/>\n stopLoop:\u00bboff\u00bb,<br \/>\n stopAfterLoops:-1,<br \/>\n stopAtSlide:-1,<br \/>\n shuffle:\u00bboff\u00bb,<br \/>\n autoHeight:\u00bboff\u00bb,<br \/>\n disableProgressBar:\u00bbon\u00bb,<br \/>\n hideThumbsOnMobile:\u00bboff\u00bb,<br \/>\n hideSliderAtLimit:0,<br \/>\n hideCaptionAtLimit:0,<br \/>\n hideAllCaptionAtLilmit:0,<br \/>\n debugMode:false,<br \/>\n fallbacks: {<br \/>\n simplifyAll:\u00bboff\u00bb,<br \/>\n nextSlideOnWindowFocus:\u00bboff\u00bb,<br \/>\n disableFocusListener:false,<br \/>\n }<br \/>\n });<br \/>\n }<br \/>\n}); \/*ready*\/<\/p>\n<h1 class=\"\" style=\"color: #f4f4f4\">Los preparativos<\/h1>\n<p>La Nit de les Fogueretes va indisociablemente ligada a los elementos de fuego, y por ello hay que preparar previamente tanto las fallas como los farolillos.<\/p>\n<p><a class=\"zoom lightbox\" href=\"http:\/\/www.fogueretes.com\/\/wp-content\/uploads\/2017\/09\/David-Cantillo-preparatius-fogueretes.jpg\"><img loading=\"lazy\" decoding=\"async\" src=\"http:\/\/www.fogueretes.com\/\/wp-content\/uploads\/2017\/09\/David-Cantillo-preparatius-fogueretes.jpg\" alt=\"fogueretes Agullent David Cantillo\" width=\"1140\" height=\"760\" \/><\/a><\/p>\n<h6>DEL MEL\u00d3N AL PAPEL<\/h6>\n<p>Tradicionalmente en cada casa se elaboraban los farolillos que se iban a utilizar en la romer\u00eda, bien hechos de calabaza, mel\u00f3n o sand\u00eda de tama\u00f1o peque\u00f1o, colgados de una ca\u00f1a. Con cualquiera de los tres se hac\u00eda el mismo procedimiento para crear el farolillo. Se le quitaba la pulpa interior y una vez vac\u00edo, se hac\u00edan agujeros en la piel, a modo de ventanas. De esta forma, al colocar en el interior un cirio, sal\u00eda la luz a trav\u00e9s de estas peque\u00f1as aperturas de formas diversas.<\/p>\n<p>Hoy en d\u00eda las curcubit\u00e1ceas han sido sustituidas principalmente por farolillos de cart\u00f3n y papel, aunque alg\u00fan mel\u00f3n se ve todav\u00eda cada a\u00f1o en la romer\u00eda. Muchos vecinos optan por adquirir el farolillo en la ferreter\u00eda local, si bien desde el ayuntamiento se promueven a finales de agosto varios talleres, para que ni\u00f1as y ni\u00f1os de edades correspondientes a primaria puedan elaborar su propio farolillo.<\/p>\n<p>&nbsp;<\/p>\n<h6>LAS FALLAS Y LOS ESPORTINES<\/h6>\n<p>En cuanto al uso de las fallas o antorchas hechas de esportines (discos de esparto utilizados para prensar las olivas) se est\u00e1 revitalizando en los \u00faltimos a\u00f1os, despu\u00e9s de un periodo de decaimiento debido a dos factores: la eliminaci\u00f3n de los esportines de esparto en las almazaras, puesto que ahora se emplean de fibra de cocotero, y la restricci\u00f3n de subir con las fallas por el camino de la ermita, por la prevenci\u00f3n de incendios. El proceso de confeccionar la falla a partir del esport\u00edn es sencillo y con elementos tradicionalmente baratos y accesibles c\u00f3mo son el cordel de pita y de esparto y una aguja saquera. Para incentivar la recuperaci\u00f3n de hacer rodar las fallas la Nit de les Fogueretes el ayuntamiento se encarga de buscar esportines, untarlos en aceite y durante el verano promueve varios talleres de confecci\u00f3n de fallas.<\/p>\n<p>\u00a0<\/p>\n<p>&nbsp;<\/p>\n<p><a class=\"zoom lightbox\" href=\"http:\/\/www.fogueretes.com\/\/wp-content\/uploads\/2017\/09\/David-Cantillo-prep2-fogueretes.jpg\"><img decoding=\"async\" class=\"alignright wp-image-592 size-full\" src=\"http:\/\/www.fogueretes.com\/\/wp-content\/uploads\/2017\/09\/David-Cantillo-prep2-fogueretes.jpg\" alt=\"\" width=\"100%\" height=\"\" srcset=\"https:\/\/www.fogueretes.com\/wp-content\/uploads\/2017\/09\/David-Cantillo-prep2-fogueretes.jpg 1140w, https:\/\/www.fogueretes.com\/wp-content\/uploads\/2017\/09\/David-Cantillo-prep2-fogueretes-150x100.jpg 150w, https:\/\/www.fogueretes.com\/wp-content\/uploads\/2017\/09\/David-Cantillo-prep2-fogueretes-300x200.jpg 300w, https:\/\/www.fogueretes.com\/wp-content\/uploads\/2017\/09\/David-Cantillo-prep2-fogueretes-768x512.jpg 768w, https:\/\/www.fogueretes.com\/wp-content\/uploads\/2017\/09\/David-Cantillo-prep2-fogueretes-1024x683.jpg 1024w\" sizes=\"(max-width: 1140px) 100vw, 1140px\" \/><\/a><\/p>\n<p><!-- 28482a493d82c9fd5c610804f50585e5 --><\/div>\n","protected":false},"excerpt":{"rendered":"<p>setREVStartSize({c: jQuery(&#8216;#rev_slider_8_1&#8217;), gridwidth: [1140], gridheight: [525], sliderLayout: &#8216;auto&#8217;}); var revapi8, tpj=jQuery; tpj(document).ready(function() { if(tpj(\u00ab#rev_slider_8_1\u00bb).revolution == undefined){ revslider_showDoubleJqueryError(\u00ab#rev_slider_8_1\u00bb); }else{ revapi8 = tpj(\u00ab#rev_slider_8_1&#8243;).show().revolution({ sliderType:\u00bbstandard\u00bb, jsFileLocation:\u00bb\/\/www.fogueretes.com\/wp-content\/plugins\/revslider\/public\/assets\/js\/\u00bb, sliderLayout:\u00bbauto\u00bb, dottedOverlay:\u00bbnone\u00bb, delay:9000, navigation: { onHoverStop:\u00bboff\u00bb, }, visibilityLevels:[1240,1024,778,480], gridwidth:1140, gridheight:525, lazyType:\u00bbnone\u00bb, shadow:0, spinner:\u00bbspinner0&#8243;, stopLoop:\u00bboff\u00bb, stopAfterLoops:-1, stopAtSlide:-1, shuffle:\u00bboff\u00bb, autoHeight:\u00bboff\u00bb, disableProgressBar:\u00bbon\u00bb, hideThumbsOnMobile:\u00bboff\u00bb, hideSliderAtLimit:0, hideCaptionAtLimit:0, hideAllCaptionAtLilmit:0, debugMode:false, fallbacks: { simplifyAll:\u00bboff\u00bb, nextSlideOnWindowFocus:\u00bboff\u00bb, disableFocusListener:false, } }); } [&hellip;]<\/p>\n","protected":false},"author":2,"featured_media":0,"parent":0,"menu_order":0,"comment_status":"closed","ping_status":"closed","template":"page-template-custom.php","meta":{"footnotes":""},"class_list":["post-774","page","type-page","status-publish","hentry"],"_links":{"self":[{"href":"https:\/\/www.fogueretes.com\/es\/wp-json\/wp\/v2\/pages\/774","targetHints":{"allow":["GET"]}}],"collection":[{"href":"https:\/\/www.fogueretes.com\/es\/wp-json\/wp\/v2\/pages"}],"about":[{"href":"https:\/\/www.fogueretes.com\/es\/wp-json\/wp\/v2\/types\/page"}],"author":[{"embeddable":true,"href":"https:\/\/www.fogueretes.com\/es\/wp-json\/wp\/v2\/users\/2"}],"replies":[{"embeddable":true,"href":"https:\/\/www.fogueretes.com\/es\/wp-json\/wp\/v2\/comments?post=774"}],"version-history":[{"count":2,"href":"https:\/\/www.fogueretes.com\/es\/wp-json\/wp\/v2\/pages\/774\/revisions"}],"predecessor-version":[{"id":776,"href":"https:\/\/www.fogueretes.com\/es\/wp-json\/wp\/v2\/pages\/774\/revisions\/776"}],"wp:attachment":[{"href":"https:\/\/www.fogueretes.com\/es\/wp-json\/wp\/v2\/media?parent=774"}],"curies":[{"name":"wp","href":"https:\/\/api.w.org\/{rel}","templated":true}]}}