{"id":788,"date":"2017-09-29T18:34:35","date_gmt":"2017-09-29T16:34:35","guid":{"rendered":"http:\/\/www.fogueretes.com\/es\/sant-vicent\/"},"modified":"2017-10-25T12:13:43","modified_gmt":"2017-10-25T10:13:43","slug":"sant-vicent","status":"publish","type":"page","link":"https:\/\/www.fogueretes.com\/es\/sant-vicent\/","title":{"rendered":"Sant Vicent"},"content":{"rendered":"<div class=\"fw-page-builder-content\"><img loading=\"lazy\" decoding=\"async\" src=\"http:\/\/www.fogueretes.com\/wp-content\/uploads\/2017\/09\/santvicent-header.jpg\" alt=\"\" title=\"santvicent-header\" width=\"1140\" height=\"525\" data-bgposition=\"center center\" data-bgfit=\"cover\" data-bgrepeat=\"no-repeat\" class=\"rev-slidebg\" data-no-retina><br \/>\nsetREVStartSize({c: jQuery(&#8216;#rev_slider_12_1&#8217;), gridwidth: [1140], gridheight: [525], sliderLayout: &#8216;auto&#8217;});<br \/>\nvar revapi12,<br \/>\n tpj=jQuery;<br \/>\ntpj(document).ready(function() {<br \/>\n if(tpj(\u00ab#rev_slider_12_1\u00bb).revolution == undefined){<br \/>\n revslider_showDoubleJqueryError(\u00ab#rev_slider_12_1\u00bb);<br \/>\n }else{<br \/>\n revapi12 = tpj(\u00ab#rev_slider_12_1&#8243;).show().revolution({<br \/>\n sliderType:\u00bbstandard\u00bb,<br \/>\n jsFileLocation:\u00bb\/\/www.fogueretes.com\/wp-content\/plugins\/revslider\/public\/assets\/js\/\u00bb,<br \/>\n sliderLayout:\u00bbauto\u00bb,<br \/>\n dottedOverlay:\u00bbnone\u00bb,<br \/>\n delay:9000,<br \/>\n navigation: {<br \/>\n onHoverStop:\u00bboff\u00bb,<br \/>\n },<br \/>\n visibilityLevels:[1240,1024,778,480],<br \/>\n gridwidth:1140,<br \/>\n gridheight:525,<br \/>\n lazyType:\u00bbnone\u00bb,<br \/>\n shadow:0,<br \/>\n spinner:\u00bbspinner0&#8243;,<br \/>\n stopLoop:\u00bboff\u00bb,<br \/>\n stopAfterLoops:-1,<br \/>\n stopAtSlide:-1,<br \/>\n shuffle:\u00bboff\u00bb,<br \/>\n autoHeight:\u00bboff\u00bb,<br \/>\n disableProgressBar:\u00bbon\u00bb,<br \/>\n hideThumbsOnMobile:\u00bboff\u00bb,<br \/>\n hideSliderAtLimit:0,<br \/>\n hideCaptionAtLimit:0,<br \/>\n hideAllCaptionAtLilmit:0,<br \/>\n debugMode:false,<br \/>\n fallbacks: {<br \/>\n simplifyAll:\u00bboff\u00bb,<br \/>\n nextSlideOnWindowFocus:\u00bboff\u00bb,<br \/>\n disableFocusListener:false,<br \/>\n }<br \/>\n });<br \/>\n }<br \/>\n}); \/*ready*\/<\/p>\n<h1 class=\"\" style=\"color: #ffffff\">Sant Vicent Ferrer<\/h1>\n<p>Sant Vicent Ferrer es sin ning\u00fan tipo de duda el santo valenciano con m\u00e1s vocaci\u00f3n europea y viajera, y desde el 1600 es el patr\u00f3n de Agullent, a ra\u00edz de protagonizar el Milagro de la Peste. Unos hechos que han dado fruto a una representaci\u00f3n teatral que tiene lugar en la explanada de la ermita bianualmente (los a\u00f1os pares) y que tiene lugar los d\u00edas previos o inmediatamente posteriores a la Nit de les Fogueretes.<\/p>\n<p>SANT VICENT, PATR\u00d3N DE AGULLENT<\/p>\n<p>Pero el dominico valenciano que recorri\u00f3 media Europa ya era muy popular y apreciado en Agullent antes de que dispensara su protecci\u00f3n contra la peste, pues el 1410 hab\u00eda estado predicando en la villa, en aquel momento todav\u00eda un \u201clugar o calle\u201d de Ontinyent. En oto\u00f1o de aquel a\u00f1o y proveniente de Valencia, X\u00e1tiva y Genov\u00e9s, el dominico lleg\u00f3 al actual Agullent y fue tanta la gente que se congreg\u00f3 para escucharlo, que la peque\u00f1a iglesia g\u00f3tica que exist\u00eda en aquel momento no tuvo bastante capacidad. As\u00ed pues el santo predic\u00f3 desde el balc\u00f3n de una de las casas de la plaza, iniciando su intervenci\u00f3n con su tradicional \u201c\u00a1buena gente!\u201d. Hoy en d\u00eda en este punto de la plaza Mayor existe una hornacina conmemorativa, y desde el balc\u00f3n adyacente se han celebrado escenificaciones con motivo de los centenarios de la predicaci\u00f3n, como sucedi\u00f3 en 2010.<\/p>\n<p>Seg\u00fan la tradici\u00f3n local, aquel 1410, el santo predicador pernoct\u00f3 en la ermita o bien en la casa g\u00f3tica que hab\u00eda donde actualmente est\u00e1 la Casa de la Cultura, y lo hizo acostado sobre una tabla. Una tabla donde qued\u00f3 dibujada su silueta o quiz\u00e1s alguien la dibuj\u00f3 en los d\u00edas posteriores, y que ha quedado como reliquia en la ermita de Sant Vicent Ferrer de Agullent.<\/p>\n<p>LA ERMITA DE SANT VICENT<\/p>\n<p>La antigua ermita, antes en advocaci\u00f3n al Cristo, pas\u00f3 a ser denominada de Sant Vicent Ferrer y en el siglo XVIII se construy\u00f3 una nueva. Actualmente, cuenta con un albergue de colonias, donde tambi\u00e9n se ofrece servicio de comidas caseras.<\/p>\n<p>La ubicaci\u00f3n de la ermita, en el inicio de la Sierra de Agullent, ha permitido que se convierta en punto de salida de numerosas rutas senderistas \u2013como el Camino del Alba y varios PRs\u2013 y en un Centro de Informaci\u00f3n Oficial de la Red de Rutas BTT. En el albergue se ofrece servicio de duchas a los usuarios de las bicicletas de monta\u00f1a.<\/p>\n<p>&nbsp;<\/p>\n<p> <img decoding=\"async\" src=\"\/\/www.fogueretes.com\/\/wp-content\/uploads\/2017\/09\/representacio-teatre-miracle.jpg\" alt=\"\/\/www.fogueretes.com\/\/wp-content\/uploads\/2017\/09\/representacio-teatre-miracle.jpg\" \/><\/p>\n<p>Desde el 1600 es el patr\u00f3n de Agullent gracias al Milagro de la Peste<\/p>\n<p><a class=\"zoom lightbox\" href=\"http:\/\/www.fogueretes.com\/\/wp-content\/uploads\/2017\/09\/AGULLENT-santvicent-1.jpg\"><img loading=\"lazy\" decoding=\"async\" class=\"alignnone wp-image-676 size-full\" src=\"http:\/\/www.fogueretes.com\/\/wp-content\/uploads\/2017\/09\/AGULLENT-santvicent-1.jpg\" alt=\"\" width=\"1140\" height=\"760\" srcset=\"https:\/\/www.fogueretes.com\/wp-content\/uploads\/2017\/09\/AGULLENT-santvicent-1.jpg 1140w, https:\/\/www.fogueretes.com\/wp-content\/uploads\/2017\/09\/AGULLENT-santvicent-1-150x100.jpg 150w, https:\/\/www.fogueretes.com\/wp-content\/uploads\/2017\/09\/AGULLENT-santvicent-1-300x200.jpg 300w, https:\/\/www.fogueretes.com\/wp-content\/uploads\/2017\/09\/AGULLENT-santvicent-1-768x512.jpg 768w, https:\/\/www.fogueretes.com\/wp-content\/uploads\/2017\/09\/AGULLENT-santvicent-1-1024x683.jpg 1024w\" sizes=\"auto, (max-width: 1140px) 100vw, 1140px\" \/><\/a><\/p>\n<p><a class=\"zoom lightbox\" href=\"http:\/\/www.fogueretes.com\/wp-content\/uploads\/2017\/10\/sant-vicent-Tino-esplugues.jpg\"><img loading=\"lazy\" decoding=\"async\" class=\"alignnone wp-image-819 size-full\" src=\"http:\/\/www.fogueretes.com\/wp-content\/uploads\/2017\/10\/sant-vicent-Tino-esplugues.jpg\" alt=\"\" width=\"1140\" height=\"760\" srcset=\"https:\/\/www.fogueretes.com\/wp-content\/uploads\/2017\/10\/sant-vicent-Tino-esplugues.jpg 1140w, https:\/\/www.fogueretes.com\/wp-content\/uploads\/2017\/10\/sant-vicent-Tino-esplugues-150x100.jpg 150w, https:\/\/www.fogueretes.com\/wp-content\/uploads\/2017\/10\/sant-vicent-Tino-esplugues-300x200.jpg 300w, https:\/\/www.fogueretes.com\/wp-content\/uploads\/2017\/10\/sant-vicent-Tino-esplugues-768x512.jpg 768w, https:\/\/www.fogueretes.com\/wp-content\/uploads\/2017\/10\/sant-vicent-Tino-esplugues-1024x683.jpg 1024w\" sizes=\"auto, (max-width: 1140px) 100vw, 1140px\" \/><\/a><\/p>\n<p><a class=\"zoom lightbox\" href=\"http:\/\/www.fogueretes.com\/\/wp-content\/uploads\/2017\/09\/Agullent-BTT-santvicent.jpg\"><img loading=\"lazy\" decoding=\"async\" class=\"alignnone wp-image-675 size-full\" src=\"http:\/\/www.fogueretes.com\/\/wp-content\/uploads\/2017\/09\/Agullent-BTT-santvicent.jpg\" alt=\"\" width=\"1140\" height=\"763\" srcset=\"https:\/\/www.fogueretes.com\/wp-content\/uploads\/2017\/09\/Agullent-BTT-santvicent.jpg 1140w, https:\/\/www.fogueretes.com\/wp-content\/uploads\/2017\/09\/Agullent-BTT-santvicent-150x100.jpg 150w, https:\/\/www.fogueretes.com\/wp-content\/uploads\/2017\/09\/Agullent-BTT-santvicent-300x201.jpg 300w, https:\/\/www.fogueretes.com\/wp-content\/uploads\/2017\/09\/Agullent-BTT-santvicent-768x514.jpg 768w, https:\/\/www.fogueretes.com\/wp-content\/uploads\/2017\/09\/Agullent-BTT-santvicent-1024x685.jpg 1024w\" sizes=\"auto, (max-width: 1140px) 100vw, 1140px\" \/><\/a><\/p>\n<p><a class=\"zoom lightbox\" href=\"http:\/\/www.fogueretes.com\/\/wp-content\/uploads\/2017\/09\/sant-vicent4.jpg\"><img loading=\"lazy\" decoding=\"async\" class=\"alignnone wp-image-678 size-full\" src=\"http:\/\/www.fogueretes.com\/\/wp-content\/uploads\/2017\/09\/sant-vicent4.jpg\" alt=\"\" width=\"1140\" height=\"760\" srcset=\"https:\/\/www.fogueretes.com\/wp-content\/uploads\/2017\/09\/sant-vicent4.jpg 1140w, https:\/\/www.fogueretes.com\/wp-content\/uploads\/2017\/09\/sant-vicent4-150x100.jpg 150w, https:\/\/www.fogueretes.com\/wp-content\/uploads\/2017\/09\/sant-vicent4-300x200.jpg 300w, https:\/\/www.fogueretes.com\/wp-content\/uploads\/2017\/09\/sant-vicent4-768x512.jpg 768w, https:\/\/www.fogueretes.com\/wp-content\/uploads\/2017\/09\/sant-vicent4-1024x683.jpg 1024w\" sizes=\"auto, (max-width: 1140px) 100vw, 1140px\" \/><\/a><\/p>\n<p><!-- aaa9153180a31cb270fcb4e3b78e51ef --><\/div>\n","protected":false},"excerpt":{"rendered":"<p>setREVStartSize({c: jQuery(&#8216;#rev_slider_12_1&#8217;), gridwidth: [1140], gridheight: [525], sliderLayout: &#8216;auto&#8217;}); var revapi12, tpj=jQuery; tpj(document).ready(function() { if(tpj(\u00ab#rev_slider_12_1\u00bb).revolution == undefined){ revslider_showDoubleJqueryError(\u00ab#rev_slider_12_1\u00bb); }else{ revapi12 = tpj(\u00ab#rev_slider_12_1&#8243;).show().revolution({ sliderType:\u00bbstandard\u00bb, jsFileLocation:\u00bb\/\/www.fogueretes.com\/wp-content\/plugins\/revslider\/public\/assets\/js\/\u00bb, sliderLayout:\u00bbauto\u00bb, dottedOverlay:\u00bbnone\u00bb, delay:9000, navigation: { onHoverStop:\u00bboff\u00bb, }, visibilityLevels:[1240,1024,778,480], gridwidth:1140, gridheight:525, lazyType:\u00bbnone\u00bb, shadow:0, spinner:\u00bbspinner0&#8243;, stopLoop:\u00bboff\u00bb, stopAfterLoops:-1, stopAtSlide:-1, shuffle:\u00bboff\u00bb, autoHeight:\u00bboff\u00bb, disableProgressBar:\u00bbon\u00bb, hideThumbsOnMobile:\u00bboff\u00bb, hideSliderAtLimit:0, hideCaptionAtLimit:0, hideAllCaptionAtLilmit:0, debugMode:false, fallbacks: { simplifyAll:\u00bboff\u00bb, nextSlideOnWindowFocus:\u00bboff\u00bb, disableFocusListener:false, } }); } [&hellip;]<\/p>\n","protected":false},"author":2,"featured_media":0,"parent":0,"menu_order":0,"comment_status":"closed","ping_status":"closed","template":"page-template-custom.php","meta":{"footnotes":""},"class_list":["post-788","page","type-page","status-publish","hentry"],"_links":{"self":[{"href":"https:\/\/www.fogueretes.com\/es\/wp-json\/wp\/v2\/pages\/788","targetHints":{"allow":["GET"]}}],"collection":[{"href":"https:\/\/www.fogueretes.com\/es\/wp-json\/wp\/v2\/pages"}],"about":[{"href":"https:\/\/www.fogueretes.com\/es\/wp-json\/wp\/v2\/types\/page"}],"author":[{"embeddable":true,"href":"https:\/\/www.fogueretes.com\/es\/wp-json\/wp\/v2\/users\/2"}],"replies":[{"embeddable":true,"href":"https:\/\/www.fogueretes.com\/es\/wp-json\/wp\/v2\/comments?post=788"}],"version-history":[{"count":4,"href":"https:\/\/www.fogueretes.com\/es\/wp-json\/wp\/v2\/pages\/788\/revisions"}],"predecessor-version":[{"id":821,"href":"https:\/\/www.fogueretes.com\/es\/wp-json\/wp\/v2\/pages\/788\/revisions\/821"}],"wp:attachment":[{"href":"https:\/\/www.fogueretes.com\/es\/wp-json\/wp\/v2\/media?parent=788"}],"curies":[{"name":"wp","href":"https:\/\/api.w.org\/{rel}","templated":true}]}}