{"id":948,"date":"2020-04-28T12:12:12","date_gmt":"2020-04-28T10:12:12","guid":{"rendered":"http:\/\/www.fogueretes.com\/es\/programacio-2020\/"},"modified":"2020-04-28T13:23:42","modified_gmt":"2020-04-28T11:23:42","slug":"programacion-2020","status":"publish","type":"page","link":"https:\/\/www.fogueretes.com\/es\/programacion-2020\/","title":{"rendered":"Programaci\u00f3n 2020"},"content":{"rendered":"<div class=\"fw-page-builder-content\"><img loading=\"lazy\" decoding=\"async\" src=\"http:\/\/www.fogueretes.com\/wp-content\/uploads\/2020\/04\/header-programa.jpg\" alt=\"\" title=\"header-programa\" width=\"1140\" height=\"525\" data-bgposition=\"center center\" data-bgfit=\"cover\" data-bgrepeat=\"no-repeat\" class=\"rev-slidebg\" data-no-retina><br \/>\nsetREVStartSize({c: jQuery(&#8216;#rev_slider_16_1&#8217;), gridwidth: [1140], gridheight: [525], sliderLayout: &#8216;auto&#8217;});<br \/>\nvar revapi16,<br \/>\n tpj=jQuery;<br \/>\ntpj(document).ready(function() {<br \/>\n if(tpj(\u00ab#rev_slider_16_1\u00bb).revolution == undefined){<br \/>\n revslider_showDoubleJqueryError(\u00ab#rev_slider_16_1\u00bb);<br \/>\n }else{<br \/>\n revapi16 = tpj(\u00ab#rev_slider_16_1&#8243;).show().revolution({<br \/>\n sliderType:\u00bbstandard\u00bb,<br \/>\n jsFileLocation:\u00bb\/\/www.fogueretes.com\/wp-content\/plugins\/revslider\/public\/assets\/js\/\u00bb,<br \/>\n sliderLayout:\u00bbauto\u00bb,<br \/>\n dottedOverlay:\u00bbnone\u00bb,<br \/>\n delay:9000,<br \/>\n navigation: {<br \/>\n onHoverStop:\u00bboff\u00bb,<br \/>\n },<br \/>\n visibilityLevels:[1240,1024,778,480],<br \/>\n gridwidth:1140,<br \/>\n gridheight:525,<br \/>\n lazyType:\u00bbnone\u00bb,<br \/>\n shadow:0,<br \/>\n spinner:\u00bbspinner0&#8243;,<br \/>\n stopLoop:\u00bboff\u00bb,<br \/>\n stopAfterLoops:-1,<br \/>\n stopAtSlide:-1,<br \/>\n shuffle:\u00bboff\u00bb,<br \/>\n autoHeight:\u00bboff\u00bb,<br \/>\n disableProgressBar:\u00bbon\u00bb,<br \/>\n hideThumbsOnMobile:\u00bboff\u00bb,<br \/>\n hideSliderAtLimit:0,<br \/>\n hideCaptionAtLimit:0,<br \/>\n hideAllCaptionAtLilmit:0,<br \/>\n debugMode:false,<br \/>\n fallbacks: {<br \/>\n simplifyAll:\u00bboff\u00bb,<br \/>\n nextSlideOnWindowFocus:\u00bboff\u00bb,<br \/>\n disableFocusListener:false,<br \/>\n }<br \/>\n });<br \/>\n }<br \/>\n}); \/*ready*\/<\/p>\n<h1 class=\"\" style=\"color: #f4f4f4\">Programaci\u00f3n 2020<\/h1>\n<h6>VIERNES 4 de septiembre:NIT DE LES FOGUERETESFiesta Declarada de Inter\u00e9s Tur\u00edstico Provincial de la Comunitat Valenciana<\/h6>\n<p>-CELEBRACI\u00d3N EUCAR\u00cdSTICA a las 19h en la ermita<\/p>\n<p>-SUBIDA A LA ERMITA con fallas, antorchas y farolillos.<\/p>\n<p>A partir de las 23h, acto conmemorativo con la salida desde la plaza Mayor y hasta la ermita, donde se cantar\u00e1n los gozos a Sant Vicent Ferrer.<\/p>\n<p>En la bajada los festeros del Cristo repartir\u00e1n\u00a0cacahuetes, altramuces, cerveza y vino. Con actuaci\u00f3n musical en el escenario del parque de la Font Jordana.<\/p>\n<h6>S\u00c1BADO 5 de septiembre:D\u00cdA DEL MILAGRO<\/h6>\n<p>&#8211; Volteio general de campanas a las 8h<\/p>\n<p>&#8211; Actividades infantiles en la Font Jordana de 11h a 14h<\/p>\n<p>&#8211; PROCESI\u00d3N: A las 11h subida a la ermita en procesi\u00f3n para celebrar la santa misa. A continuaci\u00f3n, pasacalle.<\/p>\n<p>&#8211; Masclet\u00e0 a las 14h en la plaza Mayor<\/p>\n<p>&#8211; Castillos Inflables a la Font Jordana de 16:30h a 18:30h<\/p>\n<p>&#8211; Actividades infantiles, a leas 20h en la plaza Mayor<\/p>\n<p>&#8211; Serenata a les 23h a l\u2019esgl\u00e9sia en honor al Crist de la Salut<\/p>\n<p>&#8211; DANS\u00c0 POPULAR a las 23:30h a la plaza Mayor. A continuaci\u00f3n Arbol\u00e0 y, a la Font Jordana, actuaci\u00f3n de una orquesta.<\/p>\n<h6>DOMINGO 6 de septiembre:D\u00cdA DEL CRISTO<\/h6>\n<p>-Volteo general de campanas a las 8h<\/p>\n<p>-Actividad infantil<\/p>\n<p>-Santa misa en el convento de Sant Jacint a las 11:30h. Despu\u00e9s pasacalle a las 13:30h a cargo de la Agrupaci\u00f3n Musical de Agullent<\/p>\n<p>-Masclet\u00e0 a las 14h en la plaza Mayor<\/p>\n<p>-Procesi\u00f3n a las 20h en honor al Sant\u00edsimo Cristo de la Salud<\/p>\n<p>-Castillo de fuegos artificiales a las 22h en la plaza de Espa\u00f1a<\/p>\n<p> <img decoding=\"async\" src=\"\/\/www.fogueretes.com\/wp-content\/uploads\/2017\/09\/01-falles-agullent.jpg\" alt=\"\/\/www.fogueretes.com\/wp-content\/uploads\/2017\/09\/01-falles-agullent.jpg\" \/><img decoding=\"async\" src=\"\/\/www.fogueretes.com\/wp-content\/uploads\/2017\/09\/Anna-Casanova-festa1.jpg\" alt=\"Anna-Casanova nit de les fogueretes\" \/><img decoding=\"async\" src=\"\/\/www.fogueretes.com\/wp-content\/uploads\/2020\/04\/dansa-agullent-luis-botella.jpg\" alt=\"\/\/www.fogueretes.com\/wp-content\/uploads\/2020\/04\/dansa-agullent-luis-botella.jpg\" \/><img decoding=\"async\" src=\"\/\/www.fogueretes.com\/wp-content\/uploads\/2017\/09\/representacio-teatre-miracle-e1588070723212.jpg\" alt=\"\/\/www.fogueretes.com\/wp-content\/uploads\/2017\/09\/representacio-teatre-miracle-e1588070723212.jpg\" \/><\/p>\n<p><!-- 4f91667a4d3a401dabb71dc84a67591c --><\/div>\n","protected":false},"excerpt":{"rendered":"<p>setREVStartSize({c: jQuery(&#8216;#rev_slider_16_1&#8217;), gridwidth: [1140], gridheight: [525], sliderLayout: &#8216;auto&#8217;}); var revapi16, tpj=jQuery; tpj(document).ready(function() { if(tpj(\u00ab#rev_slider_16_1\u00bb).revolution == undefined){ revslider_showDoubleJqueryError(\u00ab#rev_slider_16_1\u00bb); }else{ revapi16 = tpj(\u00ab#rev_slider_16_1&#8243;).show().revolution({ sliderType:\u00bbstandard\u00bb, jsFileLocation:\u00bb\/\/www.fogueretes.com\/wp-content\/plugins\/revslider\/public\/assets\/js\/\u00bb, sliderLayout:\u00bbauto\u00bb, dottedOverlay:\u00bbnone\u00bb, delay:9000, navigation: { onHoverStop:\u00bboff\u00bb, }, visibilityLevels:[1240,1024,778,480], gridwidth:1140, gridheight:525, lazyType:\u00bbnone\u00bb, shadow:0, spinner:\u00bbspinner0&#8243;, stopLoop:\u00bboff\u00bb, stopAfterLoops:-1, stopAtSlide:-1, shuffle:\u00bboff\u00bb, autoHeight:\u00bboff\u00bb, disableProgressBar:\u00bbon\u00bb, hideThumbsOnMobile:\u00bboff\u00bb, hideSliderAtLimit:0, hideCaptionAtLimit:0, hideAllCaptionAtLilmit:0, debugMode:false, fallbacks: { simplifyAll:\u00bboff\u00bb, nextSlideOnWindowFocus:\u00bboff\u00bb, disableFocusListener:false, } }); } [&hellip;]<\/p>\n","protected":false},"author":2,"featured_media":0,"parent":0,"menu_order":0,"comment_status":"closed","ping_status":"closed","template":"page-template-custom.php","meta":{"footnotes":""},"class_list":["post-948","page","type-page","status-publish","hentry"],"_links":{"self":[{"href":"https:\/\/www.fogueretes.com\/es\/wp-json\/wp\/v2\/pages\/948","targetHints":{"allow":["GET"]}}],"collection":[{"href":"https:\/\/www.fogueretes.com\/es\/wp-json\/wp\/v2\/pages"}],"about":[{"href":"https:\/\/www.fogueretes.com\/es\/wp-json\/wp\/v2\/types\/page"}],"author":[{"embeddable":true,"href":"https:\/\/www.fogueretes.com\/es\/wp-json\/wp\/v2\/users\/2"}],"replies":[{"embeddable":true,"href":"https:\/\/www.fogueretes.com\/es\/wp-json\/wp\/v2\/comments?post=948"}],"version-history":[{"count":4,"href":"https:\/\/www.fogueretes.com\/es\/wp-json\/wp\/v2\/pages\/948\/revisions"}],"predecessor-version":[{"id":952,"href":"https:\/\/www.fogueretes.com\/es\/wp-json\/wp\/v2\/pages\/948\/revisions\/952"}],"wp:attachment":[{"href":"https:\/\/www.fogueretes.com\/es\/wp-json\/wp\/v2\/media?parent=948"}],"curies":[{"name":"wp","href":"https:\/\/api.w.org\/{rel}","templated":true}]}}