{"id":833,"date":"2017-09-27T18:09:04","date_gmt":"2017-09-27T16:09:04","guid":{"rendered":"http:\/\/www.fogueretes.com\/fr\/els-preparatius\/"},"modified":"2017-11-20T18:05:29","modified_gmt":"2017-11-20T17:05:29","slug":"preparatifs","status":"publish","type":"page","link":"https:\/\/www.fogueretes.com\/fr\/preparatifs\/","title":{"rendered":"Pr\u00e9paratifs"},"content":{"rendered":"<div class=\"fw-page-builder-content\"><img loading=\"lazy\" decoding=\"async\" src=\"http:\/\/www.fogueretes.com\/wp-content\/uploads\/2017\/09\/preparatius-header-negre.jpg\" alt=\"\" title=\"preparatius-header-negre\" width=\"1140\" height=\"525\" data-bgposition=\"center center\" data-bgfit=\"cover\" data-bgrepeat=\"no-repeat\" class=\"rev-slidebg\" data-no-retina><br \/>\nsetREVStartSize({c: jQuery(&lsquo;#rev_slider_8_1&rsquo;), gridwidth: [1140], gridheight: [525], sliderLayout: &lsquo;auto&rsquo;});<br \/>\nvar revapi8,<br \/>\n tpj=jQuery;<br \/>\ntpj(document).ready(function() {<br \/>\n if(tpj(\u00ab\u00a0#rev_slider_8_1\u00a0\u00bb).revolution == undefined){<br \/>\n revslider_showDoubleJqueryError(\u00ab\u00a0#rev_slider_8_1\u00a0\u00bb);<br \/>\n }else{<br \/>\n revapi8 = tpj(\u00ab\u00a0#rev_slider_8_1&Prime;).show().revolution({<br \/>\n sliderType:\u00a0\u00bbstandard\u00a0\u00bb,<br \/>\n jsFileLocation:\u00a0\u00bb\/\/www.fogueretes.com\/wp-content\/plugins\/revslider\/public\/assets\/js\/\u00a0\u00bb,<br \/>\n sliderLayout:\u00a0\u00bbauto\u00a0\u00bb,<br \/>\n dottedOverlay:\u00a0\u00bbnone\u00a0\u00bb,<br \/>\n delay:9000,<br \/>\n navigation: {<br \/>\n onHoverStop:\u00a0\u00bboff\u00a0\u00bb,<br \/>\n },<br \/>\n visibilityLevels:[1240,1024,778,480],<br \/>\n gridwidth:1140,<br \/>\n gridheight:525,<br \/>\n lazyType:\u00a0\u00bbnone\u00a0\u00bb,<br \/>\n shadow:0,<br \/>\n spinner:\u00a0\u00bbspinner0&Prime;,<br \/>\n stopLoop:\u00a0\u00bboff\u00a0\u00bb,<br \/>\n stopAfterLoops:-1,<br \/>\n stopAtSlide:-1,<br \/>\n shuffle:\u00a0\u00bboff\u00a0\u00bb,<br \/>\n autoHeight:\u00a0\u00bboff\u00a0\u00bb,<br \/>\n disableProgressBar:\u00a0\u00bbon\u00a0\u00bb,<br \/>\n hideThumbsOnMobile:\u00a0\u00bboff\u00a0\u00bb,<br \/>\n hideSliderAtLimit:0,<br \/>\n hideCaptionAtLimit:0,<br \/>\n hideAllCaptionAtLilmit:0,<br \/>\n debugMode:false,<br \/>\n fallbacks: {<br \/>\n simplifyAll:\u00a0\u00bboff\u00a0\u00bb,<br \/>\n nextSlideOnWindowFocus:\u00a0\u00bboff\u00a0\u00bb,<br \/>\n disableFocusListener:false,<br \/>\n }<br \/>\n });<br \/>\n }<br \/>\n}); \/*ready*\/<\/p>\n<h1 class=\"\" style=\"color: #f4f4f4\">Pr\u00e9paratifs<\/h1>\n<p>La nuit des feux de joie est indissociablement li\u00e9e aux \u00e9l\u00e9ments du feu et pour cette raison il faut pr\u00e9parer au pr\u00e9alable tant les festivit\u00e9s que les lampions.<\/p>\n<p><a class=\"zoom lightbox\" href=\"http:\/\/www.fogueretes.com\/\/wp-content\/uploads\/2017\/09\/David-Cantillo-preparatius-fogueretes.jpg\"><img loading=\"lazy\" decoding=\"async\" src=\"http:\/\/www.fogueretes.com\/\/wp-content\/uploads\/2017\/09\/David-Cantillo-preparatius-fogueretes.jpg\" alt=\"fogueretes Agullent David Cantillo\" width=\"1140\" height=\"760\" \/><\/a><\/p>\n<h6>DU MELON AU PAPIER<\/h6>\n<p>Traditionnellement dans chaque maison on fabriquait les lampions utilis\u00e9s pour le p\u00e8lerinage. Il \u00e9tait fabriqu\u00e9 \u00e0 partir d&rsquo;un potiron, d\u2019un melon ou d\u2019une past\u00e8que de petite taille et pendu \u00e0 une tige. Peu importe le support, la m\u00eame proc\u00e9dure \u00e9tait utilis\u00e9e pour cr\u00e9er le lampion. On retirait la pulpe int\u00e9rieure du fruit et une fois vide, on per\u00e7ait des trous dans la peau en forme de fen\u00eatre. De la sorte qu\u2019apr\u00e8s avoir plac\u00e9 \u00e0 l&rsquo;int\u00e9rieur un cierge, la lumi\u00e8re sortait \u00e0 travers ces petites ouvertures de diverses formes.<\/p>\n<p>Hui en dia les curcubit\u00e0cies han estat substitu\u00efdes principalment per fanalets de cartr\u00f3 i paper, tot i que algun mel\u00f3 es veu encara cada any a la romeria. Molts ve\u00efns opten per adquirir el fanalet a la ferreteria local, si b\u00e9 des de l\u2019ajuntament es promouen a finals d\u2019agost diversos tallers, perqu\u00e8 les xiquetes i xiquets de les edats corresponents a prim\u00e0ria puguen elaborar-se el seu propi fanalet.<\/p>\n<h6>LES TORCHES ET LES M\u00c8CHES \u00c0 L\u2019ANCIENNE<\/h6>\n<p>L&rsquo;usage de torches ou de flambeaux faits de cordages (des disques d&rsquo;\u00e9peautre utilis\u00e9s autrefois pour presser les olives et en extraire l\u2019huile) a \u00e9t\u00e9 repris ces derni\u00e8res ann\u00e9es. En effet, il y eut une p\u00e9riode de d\u00e9clin \u00e0 cause de deux facteurs : l&rsquo;\u00e9limination de l\u2019utilisation des cordages \u00e0 base d\u2019\u00e9peautre dans les moulins \u00e0 huile, puisque maintenant s\u2019emploi la fibre de cocotier ; et la restriction de monter avec les torches par le chemin de l&rsquo;ermitage, par pr\u00e9vention des incendies. Le processus de confectionner la torche \u00e0 partir de l\u2019\u00e9peautre est simple et se fait \u00e0 partir d\u2019\u00e9l\u00e9ments traditionnellement bon march\u00e9 et accessibles comme la corde d&rsquo;agave, d\u2019\u00e9peautre et une aiguille \u00e0 coudre. Pour encourager la r\u00e9cup\u00e9ration de de la tradition de la nuit des torches \u00e0 l\u2019ancienne, le conseil municipal se charge de chercher des fibres d\u2019\u00e9peautre, de les graisser dans de l\u2019huile et durant l&rsquo;\u00e9t\u00e9, de promouvoir quelques ateliers de confection de torche \u00e0 l\u2019ancienne. <\/p>\n<p><a class=\"zoom lightbox\" href=\"http:\/\/www.fogueretes.com\/\/wp-content\/uploads\/2017\/09\/David-Cantillo-prep2-fogueretes.jpg\"><img decoding=\"async\" class=\"alignright wp-image-592 size-full\" src=\"http:\/\/www.fogueretes.com\/\/wp-content\/uploads\/2017\/09\/David-Cantillo-prep2-fogueretes.jpg\" alt=\"\" width=\"100%\" height=\"\" srcset=\"https:\/\/www.fogueretes.com\/wp-content\/uploads\/2017\/09\/David-Cantillo-prep2-fogueretes.jpg 1140w, https:\/\/www.fogueretes.com\/wp-content\/uploads\/2017\/09\/David-Cantillo-prep2-fogueretes-150x100.jpg 150w, https:\/\/www.fogueretes.com\/wp-content\/uploads\/2017\/09\/David-Cantillo-prep2-fogueretes-300x200.jpg 300w, https:\/\/www.fogueretes.com\/wp-content\/uploads\/2017\/09\/David-Cantillo-prep2-fogueretes-768x512.jpg 768w, https:\/\/www.fogueretes.com\/wp-content\/uploads\/2017\/09\/David-Cantillo-prep2-fogueretes-1024x683.jpg 1024w\" sizes=\"(max-width: 1140px) 100vw, 1140px\" \/><\/a><\/p>\n<p><!-- fe6c0ce37a96a778f4e8c4b931b256b9 --><\/div>\n","protected":false},"excerpt":{"rendered":"<p>setREVStartSize({c: jQuery(&lsquo;#rev_slider_8_1&rsquo;), gridwidth: [1140], gridheight: [525], sliderLayout: &lsquo;auto&rsquo;}); var revapi8, tpj=jQuery; tpj(document).ready(function() { if(tpj(\u00ab\u00a0#rev_slider_8_1\u00a0\u00bb).revolution == undefined){ revslider_showDoubleJqueryError(\u00ab\u00a0#rev_slider_8_1\u00a0\u00bb); }else{ revapi8 = tpj(\u00ab\u00a0#rev_slider_8_1&Prime;).show().revolution({ sliderType:\u00a0\u00bbstandard\u00a0\u00bb, jsFileLocation:\u00a0\u00bb\/\/www.fogueretes.com\/wp-content\/plugins\/revslider\/public\/assets\/js\/\u00a0\u00bb, sliderLayout:\u00a0\u00bbauto\u00a0\u00bb, dottedOverlay:\u00a0\u00bbnone\u00a0\u00bb, delay:9000, navigation: { onHoverStop:\u00a0\u00bboff\u00a0\u00bb, }, visibilityLevels:[1240,1024,778,480], gridwidth:1140, gridheight:525, lazyType:\u00a0\u00bbnone\u00a0\u00bb, shadow:0, spinner:\u00a0\u00bbspinner0&Prime;, stopLoop:\u00a0\u00bboff\u00a0\u00bb, stopAfterLoops:-1, stopAtSlide:-1, shuffle:\u00a0\u00bboff\u00a0\u00bb, autoHeight:\u00a0\u00bboff\u00a0\u00bb, disableProgressBar:\u00a0\u00bbon\u00a0\u00bb, hideThumbsOnMobile:\u00a0\u00bboff\u00a0\u00bb, hideSliderAtLimit:0, hideCaptionAtLimit:0, hideAllCaptionAtLilmit:0, debugMode:false, fallbacks: { simplifyAll:\u00a0\u00bboff\u00a0\u00bb, nextSlideOnWindowFocus:\u00a0\u00bboff\u00a0\u00bb, disableFocusListener:false, } }); } [&hellip;]<\/p>\n","protected":false},"author":2,"featured_media":0,"parent":0,"menu_order":0,"comment_status":"closed","ping_status":"closed","template":"page-template-custom.php","meta":{"footnotes":""},"class_list":["post-833","page","type-page","status-publish","hentry"],"_links":{"self":[{"href":"https:\/\/www.fogueretes.com\/fr\/wp-json\/wp\/v2\/pages\/833","targetHints":{"allow":["GET"]}}],"collection":[{"href":"https:\/\/www.fogueretes.com\/fr\/wp-json\/wp\/v2\/pages"}],"about":[{"href":"https:\/\/www.fogueretes.com\/fr\/wp-json\/wp\/v2\/types\/page"}],"author":[{"embeddable":true,"href":"https:\/\/www.fogueretes.com\/fr\/wp-json\/wp\/v2\/users\/2"}],"replies":[{"embeddable":true,"href":"https:\/\/www.fogueretes.com\/fr\/wp-json\/wp\/v2\/comments?post=833"}],"version-history":[{"count":3,"href":"https:\/\/www.fogueretes.com\/fr\/wp-json\/wp\/v2\/pages\/833\/revisions"}],"predecessor-version":[{"id":836,"href":"https:\/\/www.fogueretes.com\/fr\/wp-json\/wp\/v2\/pages\/833\/revisions\/836"}],"wp:attachment":[{"href":"https:\/\/www.fogueretes.com\/fr\/wp-json\/wp\/v2\/media?parent=833"}],"curies":[{"name":"wp","href":"https:\/\/api.w.org\/{rel}","templated":true}]}}