{"id":837,"date":"2017-09-22T11:02:50","date_gmt":"2017-09-22T09:02:50","guid":{"rendered":"http:\/\/www.fogueretes.com\/fr\/les-falles\/"},"modified":"2017-11-20T18:10:06","modified_gmt":"2017-11-20T17:10:06","slug":"les-falles","status":"publish","type":"page","link":"https:\/\/www.fogueretes.com\/fr\/les-falles\/","title":{"rendered":"Les falles"},"content":{"rendered":"<div class=\"fw-page-builder-content\"><img loading=\"lazy\" decoding=\"async\" src=\"http:\/\/www.fogueretes.com\/wp-content\/uploads\/2017\/10\/falles-header-2.jpg\" alt=\"\" title=\"falles-header-2\" width=\"1140\" height=\"525\" data-bgposition=\"center center\" data-bgfit=\"cover\" data-bgrepeat=\"no-repeat\" class=\"rev-slidebg\" data-no-retina><br \/>\nsetREVStartSize({c: jQuery(&lsquo;#rev_slider_6_1&rsquo;), gridwidth: [1140], gridheight: [525], sliderLayout: &lsquo;auto&rsquo;});<br \/>\nvar revapi6,<br \/>\n tpj=jQuery;<br \/>\ntpj(document).ready(function() {<br \/>\n if(tpj(\u00ab\u00a0#rev_slider_6_1\u00a0\u00bb).revolution == undefined){<br \/>\n revslider_showDoubleJqueryError(\u00ab\u00a0#rev_slider_6_1\u00a0\u00bb);<br \/>\n }else{<br \/>\n revapi6 = tpj(\u00ab\u00a0#rev_slider_6_1&Prime;).show().revolution({<br \/>\n sliderType:\u00a0\u00bbstandard\u00a0\u00bb,<br \/>\n jsFileLocation:\u00a0\u00bb\/\/www.fogueretes.com\/wp-content\/plugins\/revslider\/public\/assets\/js\/\u00a0\u00bb,<br \/>\n sliderLayout:\u00a0\u00bbauto\u00a0\u00bb,<br \/>\n dottedOverlay:\u00a0\u00bbnone\u00a0\u00bb,<br \/>\n delay:9000,<br \/>\n navigation: {<br \/>\n onHoverStop:\u00a0\u00bboff\u00a0\u00bb,<br \/>\n },<br \/>\n visibilityLevels:[1240,1024,778,480],<br \/>\n gridwidth:1140,<br \/>\n gridheight:525,<br \/>\n lazyType:\u00a0\u00bbnone\u00a0\u00bb,<br \/>\n shadow:0,<br \/>\n spinner:\u00a0\u00bbspinner0&Prime;,<br \/>\n stopLoop:\u00a0\u00bboff\u00a0\u00bb,<br \/>\n stopAfterLoops:-1,<br \/>\n stopAtSlide:-1,<br \/>\n shuffle:\u00a0\u00bboff\u00a0\u00bb,<br \/>\n autoHeight:\u00a0\u00bboff\u00a0\u00bb,<br \/>\n disableProgressBar:\u00a0\u00bbon\u00a0\u00bb,<br \/>\n hideThumbsOnMobile:\u00a0\u00bboff\u00a0\u00bb,<br \/>\n hideSliderAtLimit:0,<br \/>\n hideCaptionAtLimit:0,<br \/>\n hideAllCaptionAtLilmit:0,<br \/>\n debugMode:false,<br \/>\n fallbacks: {<br \/>\n simplifyAll:\u00a0\u00bboff\u00a0\u00bb,<br \/>\n nextSlideOnWindowFocus:\u00a0\u00bboff\u00a0\u00bb,<br \/>\n disableFocusListener:false,<br \/>\n }<br \/>\n });<br \/>\n }<br \/>\n}); \/*ready*\/<\/p>\n<h2 class=\"\" style=\"color: #f4f4f4\">Les f\u00eates des torches du pays int\u00e9rieur<\/h2>\n<p>Durant les festivit\u00e9s des torches \u00e0 Valence, on br\u00fble des monuments faits traditionnellement de carton, le jour de Saint-Joseph qui co\u00efncident avec l\u2019arriv\u00e9e du printemps. Il s\u2019agit aussi de torches faites de fibre d\u2019\u00e9peautre, comme celles utilis\u00e9es lors de la nuit des feux de joie d\u2019Agullent. Une pratique qui, selon les dires, proviendrait de l\u2019\u00e9poque m\u00e9di\u00e9vale.<\/p>\n<p>Les rouleaux de fibres d\u2019\u00e9peautre \u00e9taient utilis\u00e9s \u00e0 l\u2019\u00e9poque dans les moulins \u00e0 huile traditionnels avec une ouverture centrale qu\u2019on employait durant la presse des olives. Les uns \u00e9taient empil\u00e9s au-dessus des autres, avec de la p\u00e2te d&rsquo;olives aplaties au milieu et la pression des rouleaux faisait extraire le jus de l&rsquo;olive.<\/p>\n<p>Selon la coutume des feux de joie, on utilise la fibre d\u2019\u00e9peautre que l\u2019on impr\u00e8gne d\u2019huile afin de faire raviver le feu.<\/p>\n<p>De la fibre d\u2019\u00e9peautre, on coupe divers morceaux que l\u2019on coud apr\u00e8s par les bords avec une aiguille en rajoutant diff\u00e9rents types de cordes de mati\u00e8res naturelles et r\u00e9sistantes. Le r\u00e9sultat ressemble \u00e0 un arc de cordage. A l\u2019extr\u00e9mit\u00e9 de chaque c\u00f4t\u00e9 du demi-cercle est li\u00e9e la pointe d&rsquo;une autre corde qui est utilis\u00e9e pour faire rouler le cordage. Apr\u00e8s avoir mis le feu \u00e0 la roue qui se consume au contact de l&rsquo;air, on fait rouler le cordage dessinant ainsi des cercles de lumi\u00e8re.<\/p>\n<p>Les feux de joie d&rsquo;Agullent ne sont pas les uniques de l&rsquo;int\u00e9rieur des terres de l\u2019 ancienne couronne de l&rsquo;Aragon. Dans les Pyr\u00e9n\u00e9es aragonais, catalans et en Andorre survivent des rites li\u00e9s aux cycles horaires et solaires, aussi manifest\u00e9s par des feux de joie. Bien que les feux de joie des Pyr\u00e9n\u00e9es on chacun leur particularit\u00e9, ils sont faits par les mat\u00e9riels propres \u00e0 ces lieux comme le bois de types d&rsquo;arbres diff\u00e9rents.<\/p>\n<p>Les changements techniques dans les moulins \u00e0 huile ont substitu\u00e9 les rouleaux de fibre d\u2019\u00e9peautre par d\u2019autres mati\u00e8res synth\u00e9tiques. De plus, avec l&rsquo;augmentation des exigences normatives contre les incendies qui d\u00e9fendaient de monter \u00e0 l&rsquo;ermitage de Sant Vicent Ferrer avec des torches, la tradition locale de faire rouler les roues de cordes disparaissait dans les ann\u00e9es quatre-vingt-dix. Seulement, depuis quelques ann\u00e9es la tradition a refait surface gr\u00e2ce \u00e0 l\u2019int\u00e9r\u00eat pour les F\u00eates du Christ et \u00e0 l&rsquo;impulsion du conseil municipal.<\/p>\n<p> <img decoding=\"async\" src=\"\/\/www.fogueretes.com\/\/wp-content\/uploads\/2017\/09\/04-falles-agullent.jpg\" alt=\"falles Agullent\" \/><br \/>\n <img decoding=\"async\" src=\"\/\/www.fogueretes.com\/\/wp-content\/uploads\/2017\/10\/falles-4.jpg\" alt=\"\/\/www.fogueretes.com\/\/wp-content\/uploads\/2017\/10\/falles-4.jpg\" \/><br \/>\n <img decoding=\"async\" src=\"\/\/www.fogueretes.com\/\/wp-content\/uploads\/2017\/09\/02-falles-agullent.jpg\" alt=\"\/\/www.fogueretes.com\/\/wp-content\/uploads\/2017\/09\/02-falles-agullent.jpg\" \/><\/p>\n<p><!-- ae9bf20719e0f443466a67231eaf0f8d --><\/div>\n","protected":false},"excerpt":{"rendered":"<p>setREVStartSize({c: jQuery(&lsquo;#rev_slider_6_1&rsquo;), gridwidth: [1140], gridheight: [525], sliderLayout: &lsquo;auto&rsquo;}); var revapi6, tpj=jQuery; tpj(document).ready(function() { if(tpj(\u00ab\u00a0#rev_slider_6_1\u00a0\u00bb).revolution == undefined){ revslider_showDoubleJqueryError(\u00ab\u00a0#rev_slider_6_1\u00a0\u00bb); }else{ revapi6 = tpj(\u00ab\u00a0#rev_slider_6_1&Prime;).show().revolution({ sliderType:\u00a0\u00bbstandard\u00a0\u00bb, jsFileLocation:\u00a0\u00bb\/\/www.fogueretes.com\/wp-content\/plugins\/revslider\/public\/assets\/js\/\u00a0\u00bb, sliderLayout:\u00a0\u00bbauto\u00a0\u00bb, dottedOverlay:\u00a0\u00bbnone\u00a0\u00bb, delay:9000, navigation: { onHoverStop:\u00a0\u00bboff\u00a0\u00bb, }, visibilityLevels:[1240,1024,778,480], gridwidth:1140, gridheight:525, lazyType:\u00a0\u00bbnone\u00a0\u00bb, shadow:0, spinner:\u00a0\u00bbspinner0&Prime;, stopLoop:\u00a0\u00bboff\u00a0\u00bb, stopAfterLoops:-1, stopAtSlide:-1, shuffle:\u00a0\u00bboff\u00a0\u00bb, autoHeight:\u00a0\u00bboff\u00a0\u00bb, disableProgressBar:\u00a0\u00bbon\u00a0\u00bb, hideThumbsOnMobile:\u00a0\u00bboff\u00a0\u00bb, hideSliderAtLimit:0, hideCaptionAtLimit:0, hideAllCaptionAtLilmit:0, debugMode:false, fallbacks: { simplifyAll:\u00a0\u00bboff\u00a0\u00bb, nextSlideOnWindowFocus:\u00a0\u00bboff\u00a0\u00bb, disableFocusListener:false, } }); } [&hellip;]<\/p>\n","protected":false},"author":2,"featured_media":0,"parent":0,"menu_order":0,"comment_status":"closed","ping_status":"closed","template":"page-template-custom.php","meta":{"footnotes":""},"class_list":["post-837","page","type-page","status-publish","hentry"],"_links":{"self":[{"href":"https:\/\/www.fogueretes.com\/fr\/wp-json\/wp\/v2\/pages\/837","targetHints":{"allow":["GET"]}}],"collection":[{"href":"https:\/\/www.fogueretes.com\/fr\/wp-json\/wp\/v2\/pages"}],"about":[{"href":"https:\/\/www.fogueretes.com\/fr\/wp-json\/wp\/v2\/types\/page"}],"author":[{"embeddable":true,"href":"https:\/\/www.fogueretes.com\/fr\/wp-json\/wp\/v2\/users\/2"}],"replies":[{"embeddable":true,"href":"https:\/\/www.fogueretes.com\/fr\/wp-json\/wp\/v2\/comments?post=837"}],"version-history":[{"count":4,"href":"https:\/\/www.fogueretes.com\/fr\/wp-json\/wp\/v2\/pages\/837\/revisions"}],"predecessor-version":[{"id":841,"href":"https:\/\/www.fogueretes.com\/fr\/wp-json\/wp\/v2\/pages\/837\/revisions\/841"}],"wp:attachment":[{"href":"https:\/\/www.fogueretes.com\/fr\/wp-json\/wp\/v2\/media?parent=837"}],"curies":[{"name":"wp","href":"https:\/\/api.w.org\/{rel}","templated":true}]}}