{"id":842,"date":"2017-09-27T11:59:02","date_gmt":"2017-09-27T09:59:02","guid":{"rendered":"http:\/\/www.fogueretes.com\/fr\/la-festa\/"},"modified":"2017-11-20T18:15:04","modified_gmt":"2017-11-20T17:15:04","slug":"la-fete","status":"publish","type":"page","link":"https:\/\/www.fogueretes.com\/fr\/la-fete\/","title":{"rendered":"La festa"},"content":{"rendered":"<div class=\"fw-page-builder-content\"><img loading=\"lazy\" decoding=\"async\" src=\"http:\/\/www.fogueretes.com\/wp-content\/uploads\/2017\/09\/falles-header.negre_.jpg\" alt=\"\" title=\"falles-header.negre\" width=\"1140\" height=\"525\" data-bgposition=\"center center\" data-bgfit=\"cover\" data-bgrepeat=\"no-repeat\" class=\"rev-slidebg\" data-no-retina><br \/>\nsetREVStartSize({c: jQuery(&lsquo;#rev_slider_7_1&rsquo;), gridwidth: [1140], gridheight: [525], sliderLayout: &lsquo;auto&rsquo;});<br \/>\nvar revapi7,<br \/>\n tpj=jQuery;<br \/>\ntpj(document).ready(function() {<br \/>\n if(tpj(\u00ab\u00a0#rev_slider_7_1\u00a0\u00bb).revolution == undefined){<br \/>\n revslider_showDoubleJqueryError(\u00ab\u00a0#rev_slider_7_1\u00a0\u00bb);<br \/>\n }else{<br \/>\n revapi7 = tpj(\u00ab\u00a0#rev_slider_7_1&Prime;).show().revolution({<br \/>\n sliderType:\u00a0\u00bbstandard\u00a0\u00bb,<br \/>\n jsFileLocation:\u00a0\u00bb\/\/www.fogueretes.com\/wp-content\/plugins\/revslider\/public\/assets\/js\/\u00a0\u00bb,<br \/>\n sliderLayout:\u00a0\u00bbauto\u00a0\u00bb,<br \/>\n dottedOverlay:\u00a0\u00bbnone\u00a0\u00bb,<br \/>\n delay:9000,<br \/>\n navigation: {<br \/>\n onHoverStop:\u00a0\u00bboff\u00a0\u00bb,<br \/>\n },<br \/>\n visibilityLevels:[1240,1024,778,480],<br \/>\n gridwidth:1140,<br \/>\n gridheight:525,<br \/>\n lazyType:\u00a0\u00bbnone\u00a0\u00bb,<br \/>\n shadow:0,<br \/>\n spinner:\u00a0\u00bbspinner0&Prime;,<br \/>\n stopLoop:\u00a0\u00bboff\u00a0\u00bb,<br \/>\n stopAfterLoops:-1,<br \/>\n stopAtSlide:-1,<br \/>\n shuffle:\u00a0\u00bboff\u00a0\u00bb,<br \/>\n autoHeight:\u00a0\u00bboff\u00a0\u00bb,<br \/>\n disableProgressBar:\u00a0\u00bbon\u00a0\u00bb,<br \/>\n hideThumbsOnMobile:\u00a0\u00bboff\u00a0\u00bb,<br \/>\n hideSliderAtLimit:0,<br \/>\n hideCaptionAtLimit:0,<br \/>\n hideAllCaptionAtLilmit:0,<br \/>\n debugMode:false,<br \/>\n fallbacks: {<br \/>\n simplifyAll:\u00a0\u00bboff\u00a0\u00bb,<br \/>\n nextSlideOnWindowFocus:\u00a0\u00bboff\u00a0\u00bb,<br \/>\n disableFocusListener:false,<br \/>\n }<br \/>\n });<br \/>\n }<br \/>\n}); \/*ready*\/<\/p>\n<h1 class=\"\" style=\"color: #f4f4f4\">La F\u00eate<\/h1>\n<p>Chaque premier vendredi de septembre autour de minuit, une rivi\u00e8re de points de lumi\u00e8re et de cercles de feu serpentent les rues d&rsquo;Agullent jusqu&rsquo;\u00e0 l&rsquo;ermitage de Sant Vicent Ferrer, situ\u00e9 sur un promontoire entour\u00e9 par la Sierra. C&rsquo;est un rituel de comm\u00e9moration qui se r\u00e9p\u00e8te continuellement depuis 1600. Il s\u2019agit de la Nuit des Feux de Joie, probablement le p\u00e8lerinage nocturne le plus antique des terres valenciennes.<\/p>\n<p>Apr\u00e8s avoir d\u00een\u00e9, les habitants d\u2019Agullent se r\u00e9unissent sur la grand-place pour participer \u00e0 cette procession peu formelle avec de la musique et du feu pour comm\u00e9morer le Miracle de la Lampe. Le feu a un r\u00f4le pr\u00e9pond\u00e9rant car il annonce les festivit\u00e9s du lendemain<\/p>\n<p>DES LAMPIONS, DES B\u00dbCHERS ET DES COURONNES DE FEU<\/p>\n<p>La foule se concentre sur la place \u00e0 l&rsquo;attente du d\u00e9but de la procession. Pendant ce temps s&rsquo;allument les cierges des lampions, certains de confection artisanale et d\u2019autres achet\u00e9s ponctuellement dans la quincaillerie de la rue principale.<\/p>\n<p>Au contact avec le feu, le cordage des flambeaux devient orang\u00e9. Ils sont compos\u00e9s de fibre d\u2019\u00e9peautre (comme celle utilis\u00e9e pour les rouleaux qui compressent les olives) et sont impr\u00e9gn\u00e9s d&rsquo;huile. D&rsquo;abord les flambeaux ne semblent pas prendre, une fum\u00e9e s\u2019en \u00e9chappe. Puis tout d\u2019un coup, la pointe de l&rsquo;arc s&rsquo;enflamme au contact de l\u2019air. Ensuite, on fait rouler l\u2019arc qui dans l\u2019obscurit\u00e9 forme des cercles de lumi\u00e8re. Ces trois \u00e9l\u00e9ments de feu\u00a0: les lampions, les b\u00fbchers et les flambeaux ne peuvent actuellement faire que la moiti\u00e9 du trajet de la procession. En effet, pour des raisons de s\u00e9curit\u00e9, les flambeaux \u2013 qui provoquent des \u00e9tincelles &#8211; ne peuvent pas s&rsquo;enfoncer dans le chemin en zigzag menant \u00e0 l&rsquo;ermitage, entre des cypr\u00e8s et des pins dess\u00e9ch\u00e9s par l&rsquo;\u00e9t\u00e9.<\/p>\n<p>DE LA FONTAINE JORDANA \u00c0 L&rsquo;ERMITAGE<\/p>\n<p>Les habitants de la ville, ainsi que des villes voisines, la corporation municipale et d\u2019autres visiteurs, entreprennent en musique et en f\u00eate la procession dans les rues du centre historique vers le parc de la Fontaine Jordana, puis prennent le chemin ardu jusque l&rsquo;ermitage. Ici le pas se reserre, la file de p\u00e8lerins s&rsquo;allonge et malgr\u00e9 le fait que la musique de la fanfare continue de frapper, l&rsquo;obscurit\u00e9 invite les p\u00e8lerins \u00e0 une plus grande introspection. La pente est \u00e9lev\u00e9e mais le tron\u00e7on de c\u00f4te est court.<\/p>\n<p>\u00c0 la fin du chemin, la silhouette illumin\u00e9e de l&rsquo;ermitage attend les p\u00e8lerins. \u00c0 l&rsquo;int\u00e9rieur du temple sont chant\u00e9es les louanges et les visiteurs font la queue pour s\u2019enduire d\u2019&rsquo;huile de la lampe du miracle sur la partie du corps qui n\u00e9cessite protection. Pendant ce temps, au milieu de la place principale, les enfants et les jeunes lancent leur lampions dans le petit b\u00fbcher qui se maintient allum\u00e9 au rythme de chacun des lampions qui lui est lanc\u00e9.<\/p>\n<p>Des lampions et des b\u00fbchers resteront actifs encore durant quelques heures. Les groupes de p\u00e8lerins continuent d\u2019affluer vers l&rsquo;ermitage. Le rituel de la Nuit des Feux de Joie se r\u00e9p\u00e8te chaque ann\u00e9e en septembre depuis plus de quatre cents ans.<\/p>\n<p>&nbsp;<\/p>\n<p><img decoding=\"async\" src=\"\/\/www.fogueretes.com\/\/wp-content\/uploads\/2017\/09\/David-Cantillo-festa2.jpg\" alt=\"\/\/www.fogueretes.com\/\/wp-content\/uploads\/2017\/09\/David-Cantillo-festa2.jpg\" \/><\/p>\n<p>La Nuit des Feux de Joie est probablement le p\u00e8lerinage nocturne le plus antique des terres valenciennes.\u00a0<\/p>\n<p><a class=\"zoom lightbox\" href=\"http:\/\/www.fogueretes.com\/\/wp-content\/uploads\/2017\/09\/festa5.jpg\"><img loading=\"lazy\" decoding=\"async\" class=\"alignnone wp-image-623 size-full\" src=\"http:\/\/www.fogueretes.com\/\/wp-content\/uploads\/2017\/09\/festa5.jpg\" alt=\"nit de les fogueretes\" width=\"1140\" height=\"760\" srcset=\"https:\/\/www.fogueretes.com\/wp-content\/uploads\/2017\/09\/festa5.jpg 1140w, https:\/\/www.fogueretes.com\/wp-content\/uploads\/2017\/09\/festa5-150x100.jpg 150w, https:\/\/www.fogueretes.com\/wp-content\/uploads\/2017\/09\/festa5-300x200.jpg 300w, https:\/\/www.fogueretes.com\/wp-content\/uploads\/2017\/09\/festa5-768x512.jpg 768w, https:\/\/www.fogueretes.com\/wp-content\/uploads\/2017\/09\/festa5-1024x683.jpg 1024w\" sizes=\"auto, (max-width: 1140px) 100vw, 1140px\" \/><\/a><\/p>\n<p><a class=\"zoom lightbox\" href=\"http:\/\/www.fogueretes.com\/\/wp-content\/uploads\/2017\/09\/David-Cantillo-festa6.jpg\"><img loading=\"lazy\" decoding=\"async\" class=\"alignnone wp-image-622 size-full\" src=\"http:\/\/www.fogueretes.com\/\/wp-content\/uploads\/2017\/09\/David-Cantillo-festa6.jpg\" alt=\"David-Cantillo-festa Agullent\" width=\"1140\" height=\"760\" srcset=\"https:\/\/www.fogueretes.com\/wp-content\/uploads\/2017\/09\/David-Cantillo-festa6.jpg 1140w, https:\/\/www.fogueretes.com\/wp-content\/uploads\/2017\/09\/David-Cantillo-festa6-150x100.jpg 150w, https:\/\/www.fogueretes.com\/wp-content\/uploads\/2017\/09\/David-Cantillo-festa6-300x200.jpg 300w, https:\/\/www.fogueretes.com\/wp-content\/uploads\/2017\/09\/David-Cantillo-festa6-768x512.jpg 768w, https:\/\/www.fogueretes.com\/wp-content\/uploads\/2017\/09\/David-Cantillo-festa6-1024x683.jpg 1024w\" sizes=\"auto, (max-width: 1140px) 100vw, 1140px\" \/><\/a><\/p>\n<p><a class=\"zoom lightbox\" href=\"http:\/\/www.fogueretes.com\/\/wp-content\/uploads\/2017\/09\/Anna-Casanova-festa1.jpg\"><img loading=\"lazy\" decoding=\"async\" class=\"alignnone wp-image-624 size-full\" src=\"http:\/\/www.fogueretes.com\/\/wp-content\/uploads\/2017\/09\/Anna-Casanova-festa1.jpg\" alt=\"Anna-Casanova nit de les fogueretes\" width=\"1140\" height=\"760\" srcset=\"https:\/\/www.fogueretes.com\/wp-content\/uploads\/2017\/09\/Anna-Casanova-festa1.jpg 1140w, https:\/\/www.fogueretes.com\/wp-content\/uploads\/2017\/09\/Anna-Casanova-festa1-150x100.jpg 150w, https:\/\/www.fogueretes.com\/wp-content\/uploads\/2017\/09\/Anna-Casanova-festa1-300x200.jpg 300w, https:\/\/www.fogueretes.com\/wp-content\/uploads\/2017\/09\/Anna-Casanova-festa1-768x512.jpg 768w, https:\/\/www.fogueretes.com\/wp-content\/uploads\/2017\/09\/Anna-Casanova-festa1-1024x683.jpg 1024w\" sizes=\"auto, (max-width: 1140px) 100vw, 1140px\" \/><\/a><\/p>\n<p><a class=\"zoom lightbox\" href=\"http:\/\/www.fogueretes.com\/\/wp-content\/uploads\/2017\/09\/Tino-esplugues-festa3.jpg\"><img loading=\"lazy\" decoding=\"async\" class=\"alignnone wp-image-625 size-full\" src=\"http:\/\/www.fogueretes.com\/\/wp-content\/uploads\/2017\/09\/Tino-esplugues-festa3.jpg\" alt=\"\" width=\"1140\" height=\"760\" srcset=\"https:\/\/www.fogueretes.com\/wp-content\/uploads\/2017\/09\/Tino-esplugues-festa3.jpg 1140w, https:\/\/www.fogueretes.com\/wp-content\/uploads\/2017\/09\/Tino-esplugues-festa3-150x100.jpg 150w, https:\/\/www.fogueretes.com\/wp-content\/uploads\/2017\/09\/Tino-esplugues-festa3-300x200.jpg 300w, https:\/\/www.fogueretes.com\/wp-content\/uploads\/2017\/09\/Tino-esplugues-festa3-768x512.jpg 768w, https:\/\/www.fogueretes.com\/wp-content\/uploads\/2017\/09\/Tino-esplugues-festa3-1024x683.jpg 1024w\" sizes=\"auto, (max-width: 1140px) 100vw, 1140px\" \/><\/a><\/p>\n<p><!-- f23757bb26145483e9ac055cbc79e297 --><\/div>\n","protected":false},"excerpt":{"rendered":"<p>setREVStartSize({c: jQuery(&lsquo;#rev_slider_7_1&rsquo;), gridwidth: [1140], gridheight: [525], sliderLayout: &lsquo;auto&rsquo;}); var revapi7, tpj=jQuery; tpj(document).ready(function() { if(tpj(\u00ab\u00a0#rev_slider_7_1\u00a0\u00bb).revolution == undefined){ revslider_showDoubleJqueryError(\u00ab\u00a0#rev_slider_7_1\u00a0\u00bb); }else{ revapi7 = tpj(\u00ab\u00a0#rev_slider_7_1&Prime;).show().revolution({ sliderType:\u00a0\u00bbstandard\u00a0\u00bb, jsFileLocation:\u00a0\u00bb\/\/www.fogueretes.com\/wp-content\/plugins\/revslider\/public\/assets\/js\/\u00a0\u00bb, sliderLayout:\u00a0\u00bbauto\u00a0\u00bb, dottedOverlay:\u00a0\u00bbnone\u00a0\u00bb, delay:9000, navigation: { onHoverStop:\u00a0\u00bboff\u00a0\u00bb, }, visibilityLevels:[1240,1024,778,480], gridwidth:1140, gridheight:525, lazyType:\u00a0\u00bbnone\u00a0\u00bb, shadow:0, spinner:\u00a0\u00bbspinner0&Prime;, stopLoop:\u00a0\u00bboff\u00a0\u00bb, stopAfterLoops:-1, stopAtSlide:-1, shuffle:\u00a0\u00bboff\u00a0\u00bb, autoHeight:\u00a0\u00bboff\u00a0\u00bb, disableProgressBar:\u00a0\u00bbon\u00a0\u00bb, hideThumbsOnMobile:\u00a0\u00bboff\u00a0\u00bb, hideSliderAtLimit:0, hideCaptionAtLimit:0, hideAllCaptionAtLilmit:0, debugMode:false, fallbacks: { simplifyAll:\u00a0\u00bboff\u00a0\u00bb, nextSlideOnWindowFocus:\u00a0\u00bboff\u00a0\u00bb, disableFocusListener:false, } }); } [&hellip;]<\/p>\n","protected":false},"author":2,"featured_media":0,"parent":0,"menu_order":0,"comment_status":"closed","ping_status":"closed","template":"page-template-custom.php","meta":{"footnotes":""},"class_list":["post-842","page","type-page","status-publish","hentry"],"_links":{"self":[{"href":"https:\/\/www.fogueretes.com\/fr\/wp-json\/wp\/v2\/pages\/842","targetHints":{"allow":["GET"]}}],"collection":[{"href":"https:\/\/www.fogueretes.com\/fr\/wp-json\/wp\/v2\/pages"}],"about":[{"href":"https:\/\/www.fogueretes.com\/fr\/wp-json\/wp\/v2\/types\/page"}],"author":[{"embeddable":true,"href":"https:\/\/www.fogueretes.com\/fr\/wp-json\/wp\/v2\/users\/2"}],"replies":[{"embeddable":true,"href":"https:\/\/www.fogueretes.com\/fr\/wp-json\/wp\/v2\/comments?post=842"}],"version-history":[{"count":2,"href":"https:\/\/www.fogueretes.com\/fr\/wp-json\/wp\/v2\/pages\/842\/revisions"}],"predecessor-version":[{"id":844,"href":"https:\/\/www.fogueretes.com\/fr\/wp-json\/wp\/v2\/pages\/842\/revisions\/844"}],"wp:attachment":[{"href":"https:\/\/www.fogueretes.com\/fr\/wp-json\/wp\/v2\/media?parent=842"}],"curies":[{"name":"wp","href":"https:\/\/api.w.org\/{rel}","templated":true}]}}