{"id":845,"date":"2017-09-29T18:31:49","date_gmt":"2017-09-29T16:31:49","guid":{"rendered":"http:\/\/www.fogueretes.com\/fr\/festes-del-miracle\/"},"modified":"2017-11-20T18:19:04","modified_gmt":"2017-11-20T17:19:04","slug":"fetes-du-miracle","status":"publish","type":"page","link":"https:\/\/www.fogueretes.com\/fr\/fetes-du-miracle\/","title":{"rendered":"F\u00eates du Miracle"},"content":{"rendered":"<div class=\"fw-page-builder-content\"><img loading=\"lazy\" decoding=\"async\" src=\"http:\/\/www.fogueretes.com\/wp-content\/uploads\/2017\/09\/origen-header.jpg\" alt=\"\" title=\"origen-header\" width=\"1140\" height=\"528\" data-bgposition=\"center center\" data-bgfit=\"cover\" data-bgrepeat=\"no-repeat\" class=\"rev-slidebg\" data-no-retina><br \/>\nsetREVStartSize({c: jQuery(&lsquo;#rev_slider_11_1&rsquo;), gridwidth: [1140], gridheight: [525], sliderLayout: &lsquo;auto&rsquo;});<br \/>\nvar revapi11,<br \/>\n tpj=jQuery;<br \/>\ntpj(document).ready(function() {<br \/>\n if(tpj(\u00ab\u00a0#rev_slider_11_1\u00a0\u00bb).revolution == undefined){<br \/>\n revslider_showDoubleJqueryError(\u00ab\u00a0#rev_slider_11_1\u00a0\u00bb);<br \/>\n }else{<br \/>\n revapi11 = tpj(\u00ab\u00a0#rev_slider_11_1&Prime;).show().revolution({<br \/>\n sliderType:\u00a0\u00bbstandard\u00a0\u00bb,<br \/>\n jsFileLocation:\u00a0\u00bb\/\/www.fogueretes.com\/wp-content\/plugins\/revslider\/public\/assets\/js\/\u00a0\u00bb,<br \/>\n sliderLayout:\u00a0\u00bbauto\u00a0\u00bb,<br \/>\n dottedOverlay:\u00a0\u00bbnone\u00a0\u00bb,<br \/>\n delay:9000,<br \/>\n navigation: {<br \/>\n onHoverStop:\u00a0\u00bboff\u00a0\u00bb,<br \/>\n },<br \/>\n visibilityLevels:[1240,1024,778,480],<br \/>\n gridwidth:1140,<br \/>\n gridheight:525,<br \/>\n lazyType:\u00a0\u00bbnone\u00a0\u00bb,<br \/>\n shadow:0,<br \/>\n spinner:\u00a0\u00bbspinner0&Prime;,<br \/>\n stopLoop:\u00a0\u00bboff\u00a0\u00bb,<br \/>\n stopAfterLoops:-1,<br \/>\n stopAtSlide:-1,<br \/>\n shuffle:\u00a0\u00bboff\u00a0\u00bb,<br \/>\n autoHeight:\u00a0\u00bboff\u00a0\u00bb,<br \/>\n disableProgressBar:\u00a0\u00bbon\u00a0\u00bb,<br \/>\n hideThumbsOnMobile:\u00a0\u00bboff\u00a0\u00bb,<br \/>\n hideSliderAtLimit:0,<br \/>\n hideCaptionAtLimit:0,<br \/>\n hideAllCaptionAtLilmit:0,<br \/>\n debugMode:false,<br \/>\n fallbacks: {<br \/>\n simplifyAll:\u00a0\u00bboff\u00a0\u00bb,<br \/>\n nextSlideOnWindowFocus:\u00a0\u00bboff\u00a0\u00bb,<br \/>\n disableFocusListener:false,<br \/>\n }<br \/>\n });<br \/>\n }<br \/>\n}); \/*ready*\/<\/p>\n<h1 class=\"\" style=\"color: #ffffff\">F\u00eates du Miracle<\/h1>\n<p>La Nuit des Feux de Joie est le premier acte qui annonce les F\u00eates du Miracle.<\/p>\n<p>Tout au long du week-end, des actes d&rsquo;aspect religieux s\u2019encha\u00eenent, telles que les processions, les messes et la s\u00e9r\u00e9nade en l\u2019honneur du Christ de la Sant\u00e9, avec des activit\u00e9s ludiques pour les enfants, des promenades, des orchestres et des feux d\u2019artifices.<\/p>\n<p>DES DANSES TRADITIONNELLES<\/p>\n<p>Un spectacle de danses traditionnelles de plus de cent ans fait aussi partie du programme et est c\u00e9l\u00e9br\u00e9 le samedi sur la place principale. L&rsquo;apr\u00e8s-midi est d\u00e9di\u00e9e aux danses infantiles et \u00e0 23h30 ce sont les danses populaires qui attirent toujours un large public.<\/p>\n<p>Au rythme de l\u2019orchestre, les danseuses et danseurs apparaissent sur la place principale pour s\u2019entrecroiser, tandis que les spectateurs forment un grand cercle autour d\u2019eux assis ou debout. Tout cela cr\u00e9e un spectacle fabuleux rempli de virtuosit\u00e9, de tours rythmiques et chor\u00e9graphi\u00e9s ainsi que de jupes \u00e0 volants.<\/p>\n<p>&nbsp;<\/p>\n<p><img decoding=\"async\" src=\"\/\/www.fogueretes.com\/\/wp-content\/uploads\/2017\/09\/agullent-festes-miracle.jpg\" alt=\"\/\/www.fogueretes.com\/\/wp-content\/uploads\/2017\/09\/agullent-festes-miracle.jpg\" \/><\/p>\n<p><!-- c2394711ff1895625abfcc2575361b4f --><\/div>\n","protected":false},"excerpt":{"rendered":"<p>setREVStartSize({c: jQuery(&lsquo;#rev_slider_11_1&rsquo;), gridwidth: [1140], gridheight: [525], sliderLayout: &lsquo;auto&rsquo;}); var revapi11, tpj=jQuery; tpj(document).ready(function() { if(tpj(\u00ab\u00a0#rev_slider_11_1\u00a0\u00bb).revolution == undefined){ revslider_showDoubleJqueryError(\u00ab\u00a0#rev_slider_11_1\u00a0\u00bb); }else{ revapi11 = tpj(\u00ab\u00a0#rev_slider_11_1&Prime;).show().revolution({ sliderType:\u00a0\u00bbstandard\u00a0\u00bb, jsFileLocation:\u00a0\u00bb\/\/www.fogueretes.com\/wp-content\/plugins\/revslider\/public\/assets\/js\/\u00a0\u00bb, sliderLayout:\u00a0\u00bbauto\u00a0\u00bb, dottedOverlay:\u00a0\u00bbnone\u00a0\u00bb, delay:9000, navigation: { onHoverStop:\u00a0\u00bboff\u00a0\u00bb, }, visibilityLevels:[1240,1024,778,480], gridwidth:1140, gridheight:525, lazyType:\u00a0\u00bbnone\u00a0\u00bb, shadow:0, spinner:\u00a0\u00bbspinner0&Prime;, stopLoop:\u00a0\u00bboff\u00a0\u00bb, stopAfterLoops:-1, stopAtSlide:-1, shuffle:\u00a0\u00bboff\u00a0\u00bb, autoHeight:\u00a0\u00bboff\u00a0\u00bb, disableProgressBar:\u00a0\u00bbon\u00a0\u00bb, hideThumbsOnMobile:\u00a0\u00bboff\u00a0\u00bb, hideSliderAtLimit:0, hideCaptionAtLimit:0, hideAllCaptionAtLilmit:0, debugMode:false, fallbacks: { simplifyAll:\u00a0\u00bboff\u00a0\u00bb, nextSlideOnWindowFocus:\u00a0\u00bboff\u00a0\u00bb, disableFocusListener:false, } }); } [&hellip;]<\/p>\n","protected":false},"author":2,"featured_media":0,"parent":0,"menu_order":0,"comment_status":"closed","ping_status":"closed","template":"page-template-custom.php","meta":{"footnotes":""},"class_list":["post-845","page","type-page","status-publish","hentry"],"_links":{"self":[{"href":"https:\/\/www.fogueretes.com\/fr\/wp-json\/wp\/v2\/pages\/845","targetHints":{"allow":["GET"]}}],"collection":[{"href":"https:\/\/www.fogueretes.com\/fr\/wp-json\/wp\/v2\/pages"}],"about":[{"href":"https:\/\/www.fogueretes.com\/fr\/wp-json\/wp\/v2\/types\/page"}],"author":[{"embeddable":true,"href":"https:\/\/www.fogueretes.com\/fr\/wp-json\/wp\/v2\/users\/2"}],"replies":[{"embeddable":true,"href":"https:\/\/www.fogueretes.com\/fr\/wp-json\/wp\/v2\/comments?post=845"}],"version-history":[{"count":3,"href":"https:\/\/www.fogueretes.com\/fr\/wp-json\/wp\/v2\/pages\/845\/revisions"}],"predecessor-version":[{"id":848,"href":"https:\/\/www.fogueretes.com\/fr\/wp-json\/wp\/v2\/pages\/845\/revisions\/848"}],"wp:attachment":[{"href":"https:\/\/www.fogueretes.com\/fr\/wp-json\/wp\/v2\/media?parent=845"}],"curies":[{"name":"wp","href":"https:\/\/api.w.org\/{rel}","templated":true}]}}