{"id":849,"date":"2017-09-29T18:34:35","date_gmt":"2017-09-29T16:34:35","guid":{"rendered":"http:\/\/www.fogueretes.com\/fr\/sant-vicent\/"},"modified":"2017-11-20T18:22:48","modified_gmt":"2017-11-20T17:22:48","slug":"sant-vicent","status":"publish","type":"page","link":"https:\/\/www.fogueretes.com\/fr\/sant-vicent\/","title":{"rendered":"Saint Vincent"},"content":{"rendered":"<div class=\"fw-page-builder-content\"><img loading=\"lazy\" decoding=\"async\" src=\"http:\/\/www.fogueretes.com\/wp-content\/uploads\/2017\/09\/santvicent-header.jpg\" alt=\"\" title=\"santvicent-header\" width=\"1140\" height=\"525\" data-bgposition=\"center center\" data-bgfit=\"cover\" data-bgrepeat=\"no-repeat\" class=\"rev-slidebg\" data-no-retina><br \/>\nsetREVStartSize({c: jQuery(&lsquo;#rev_slider_12_1&rsquo;), gridwidth: [1140], gridheight: [525], sliderLayout: &lsquo;auto&rsquo;});<br \/>\nvar revapi12,<br \/>\n tpj=jQuery;<br \/>\ntpj(document).ready(function() {<br \/>\n if(tpj(\u00ab\u00a0#rev_slider_12_1\u00a0\u00bb).revolution == undefined){<br \/>\n revslider_showDoubleJqueryError(\u00ab\u00a0#rev_slider_12_1\u00a0\u00bb);<br \/>\n }else{<br \/>\n revapi12 = tpj(\u00ab\u00a0#rev_slider_12_1&Prime;).show().revolution({<br \/>\n sliderType:\u00a0\u00bbstandard\u00a0\u00bb,<br \/>\n jsFileLocation:\u00a0\u00bb\/\/www.fogueretes.com\/wp-content\/plugins\/revslider\/public\/assets\/js\/\u00a0\u00bb,<br \/>\n sliderLayout:\u00a0\u00bbauto\u00a0\u00bb,<br \/>\n dottedOverlay:\u00a0\u00bbnone\u00a0\u00bb,<br \/>\n delay:9000,<br \/>\n navigation: {<br \/>\n onHoverStop:\u00a0\u00bboff\u00a0\u00bb,<br \/>\n },<br \/>\n visibilityLevels:[1240,1024,778,480],<br \/>\n gridwidth:1140,<br \/>\n gridheight:525,<br \/>\n lazyType:\u00a0\u00bbnone\u00a0\u00bb,<br \/>\n shadow:0,<br \/>\n spinner:\u00a0\u00bbspinner0&Prime;,<br \/>\n stopLoop:\u00a0\u00bboff\u00a0\u00bb,<br \/>\n stopAfterLoops:-1,<br \/>\n stopAtSlide:-1,<br \/>\n shuffle:\u00a0\u00bboff\u00a0\u00bb,<br \/>\n autoHeight:\u00a0\u00bboff\u00a0\u00bb,<br \/>\n disableProgressBar:\u00a0\u00bbon\u00a0\u00bb,<br \/>\n hideThumbsOnMobile:\u00a0\u00bboff\u00a0\u00bb,<br \/>\n hideSliderAtLimit:0,<br \/>\n hideCaptionAtLimit:0,<br \/>\n hideAllCaptionAtLilmit:0,<br \/>\n debugMode:false,<br \/>\n fallbacks: {<br \/>\n simplifyAll:\u00a0\u00bboff\u00a0\u00bb,<br \/>\n nextSlideOnWindowFocus:\u00a0\u00bboff\u00a0\u00bb,<br \/>\n disableFocusListener:false,<br \/>\n }<br \/>\n });<br \/>\n }<br \/>\n}); \/*ready*\/<\/p>\n<h1 class=\"\" style=\"color: #ffffff\">Saint Vincent Ferrer<\/h1>\n<p>Saint Vincent Ferrer est sans aucun doute le saint valencien le plus c\u00e9l\u00e8bre pour ses pr\u00e9dications publiques \u00e0 travers ses voyages en Europe et qui d\u00e8s 1600 devint le patron d&rsquo;Agullent, \u00e0 la suite du Miracle de la Peste. Des faits qui ont donn\u00e9 fruit \u00e0 une repr\u00e9sentation th\u00e9\u00e2trale qui a lieu dans l&rsquo;esplanade de l&rsquo;ermitage biannuellement (les ann\u00e9es paires), les jours pr\u00e9alables ou imm\u00e9diatement post\u00e9rieurs \u00e0 la F\u00eate des Feux de Joie.<\/p>\n<p>SAINT VINCENT, PATRON D\u2019AGULLENT<\/p>\n<p>Mais le Dominicain valencien qui a parcouru la moiti\u00e9 de l&rsquo;Europe \u00e9tait d\u00e9j\u00e0 tr\u00e8s populaire et appr\u00e9ci\u00e9 \u00e0 Agullent avant qu&rsquo;il ne donne sa protection contre la peste. En l\u2019ann\u00e9e 1410, il pr\u00eachait dans la ville d&rsquo;Ontinyent. Durant l\u2019automne de cette ann\u00e9e l\u00e0, provenant de Valence, X\u00e1tiva et G\u00e9noves, le Dominicain est arriv\u00e9 \u00e0 l&rsquo;actuel Agullent et a \u00e9t\u00e9 accueilli par tant de gens qui venaient pour l&rsquo;\u00e9couter, que la petite \u00e9glise gothique qui existait \u00e0 l\u2019\u00e9poque fut compl\u00e9tement remplie, compte tenu de sa petite capacit\u00e9. Ainsi, le Saint pr\u00e9diquait depuis le balcon de l&rsquo;une des maisons de la place, en initiant son intervention avec son traditionnel : \u00ab\u00a0Belles personnes!\u00a0\u00bb. De nos jours, en ce point de la place principale existe une niche comm\u00e9morative, et depuis le balcon adjacent des mises en sc\u00e8ne ont \u00e9t\u00e9 pr\u00e9sent\u00e9es pour c\u00e9l\u00e9brer la pr\u00e9dication centenaire comme cela \u00e9t\u00e9 le cas en 2010.<\/p>\n<p>Selon la tradition locale, en cette ann\u00e9e 1410, le saint pr\u00e9dicateur aurait dormi dans l&rsquo;ermitage ou bien dans la maison gothique qui est actuellement la Maison de la Culture, et se serait couch\u00e9 sur une table. Une table o\u00f9 sa silhouette est rest\u00e9e dessin\u00e9e ou peut-\u00eatre que quelqu&rsquo;un l&rsquo;aurait dessin\u00e9e dans les jours post\u00e9rieurs, et qui est rest\u00e9e comme relique dans l&rsquo;ermitage de Saint Vincent Ferrer de Agullent.<\/p>\n<p>L&rsquo;ERMITAGE DE SAINT VINCENT<\/p>\n<p>L&rsquo; ancien ermitage, qui ant\u00e9rieurement \u00e9tait d\u00e9di\u00e9 au Christ, fut d\u00e9nomm\u00e9 au nom de Saint Vincent Ferrer et au XVIIIe si\u00e8cle fut reconstruit. Actuellement, il dispose de plusieurs logements ainsi que d\u2019une cantine pour les pensionnaires.<\/p>\n<p>La situation de l&rsquo;ermitage, au commencement de la Sierra d&rsquo;Agullent, a permis qu&rsquo;il se convertisse en point de d\u00e9part pour de nombreuses routes de randonn\u00e9e &#8211; comme le Chemin de l&rsquo;Alba et d\u2019autres PRs &#8211; et en un Centre d&rsquo;Information Officielle du R\u00e9seau de Routes pour VTT. A l\u2019auberge on offre un service de douches aux vttistes.<\/p>\n<p>&nbsp;<\/p>\n<p> <img decoding=\"async\" src=\"\/\/www.fogueretes.com\/\/wp-content\/uploads\/2017\/09\/representacio-teatre-miracle.jpg\" alt=\"\/\/www.fogueretes.com\/\/wp-content\/uploads\/2017\/09\/representacio-teatre-miracle.jpg\" \/><\/p>\n<p>Depuis\u00a01600 c\u2019est le patron d\u2019Agullent gr\u00e2ce au Miracle de la Peste<\/p>\n<p><a class=\"zoom lightbox\" href=\"http:\/\/www.fogueretes.com\/\/wp-content\/uploads\/2017\/09\/AGULLENT-santvicent-1.jpg\"><img loading=\"lazy\" decoding=\"async\" class=\"alignnone wp-image-676 size-full\" src=\"http:\/\/www.fogueretes.com\/\/wp-content\/uploads\/2017\/09\/AGULLENT-santvicent-1.jpg\" alt=\"\" width=\"1140\" height=\"760\" srcset=\"https:\/\/www.fogueretes.com\/wp-content\/uploads\/2017\/09\/AGULLENT-santvicent-1.jpg 1140w, https:\/\/www.fogueretes.com\/wp-content\/uploads\/2017\/09\/AGULLENT-santvicent-1-150x100.jpg 150w, https:\/\/www.fogueretes.com\/wp-content\/uploads\/2017\/09\/AGULLENT-santvicent-1-300x200.jpg 300w, https:\/\/www.fogueretes.com\/wp-content\/uploads\/2017\/09\/AGULLENT-santvicent-1-768x512.jpg 768w, https:\/\/www.fogueretes.com\/wp-content\/uploads\/2017\/09\/AGULLENT-santvicent-1-1024x683.jpg 1024w\" sizes=\"auto, (max-width: 1140px) 100vw, 1140px\" \/><\/a><\/p>\n<p><a class=\"zoom lightbox\" href=\"http:\/\/www.fogueretes.com\/wp-content\/uploads\/2017\/10\/sant-vicent-Tino-esplugues.jpg\"><img loading=\"lazy\" decoding=\"async\" class=\"alignnone wp-image-819 size-full\" src=\"http:\/\/www.fogueretes.com\/wp-content\/uploads\/2017\/10\/sant-vicent-Tino-esplugues.jpg\" alt=\"\" width=\"1140\" height=\"760\" srcset=\"https:\/\/www.fogueretes.com\/wp-content\/uploads\/2017\/10\/sant-vicent-Tino-esplugues.jpg 1140w, https:\/\/www.fogueretes.com\/wp-content\/uploads\/2017\/10\/sant-vicent-Tino-esplugues-150x100.jpg 150w, https:\/\/www.fogueretes.com\/wp-content\/uploads\/2017\/10\/sant-vicent-Tino-esplugues-300x200.jpg 300w, https:\/\/www.fogueretes.com\/wp-content\/uploads\/2017\/10\/sant-vicent-Tino-esplugues-768x512.jpg 768w, https:\/\/www.fogueretes.com\/wp-content\/uploads\/2017\/10\/sant-vicent-Tino-esplugues-1024x683.jpg 1024w\" sizes=\"auto, (max-width: 1140px) 100vw, 1140px\" \/><\/a><\/p>\n<p><a class=\"zoom lightbox\" href=\"http:\/\/www.fogueretes.com\/\/wp-content\/uploads\/2017\/09\/Agullent-BTT-santvicent.jpg\"><img loading=\"lazy\" decoding=\"async\" class=\"alignnone wp-image-675 size-full\" src=\"http:\/\/www.fogueretes.com\/\/wp-content\/uploads\/2017\/09\/Agullent-BTT-santvicent.jpg\" alt=\"\" width=\"1140\" height=\"763\" srcset=\"https:\/\/www.fogueretes.com\/wp-content\/uploads\/2017\/09\/Agullent-BTT-santvicent.jpg 1140w, https:\/\/www.fogueretes.com\/wp-content\/uploads\/2017\/09\/Agullent-BTT-santvicent-150x100.jpg 150w, https:\/\/www.fogueretes.com\/wp-content\/uploads\/2017\/09\/Agullent-BTT-santvicent-300x201.jpg 300w, https:\/\/www.fogueretes.com\/wp-content\/uploads\/2017\/09\/Agullent-BTT-santvicent-768x514.jpg 768w, https:\/\/www.fogueretes.com\/wp-content\/uploads\/2017\/09\/Agullent-BTT-santvicent-1024x685.jpg 1024w\" sizes=\"auto, (max-width: 1140px) 100vw, 1140px\" \/><\/a><\/p>\n<p><a class=\"zoom lightbox\" href=\"http:\/\/www.fogueretes.com\/\/wp-content\/uploads\/2017\/09\/sant-vicent4.jpg\"><img loading=\"lazy\" decoding=\"async\" class=\"alignnone wp-image-678 size-full\" src=\"http:\/\/www.fogueretes.com\/\/wp-content\/uploads\/2017\/09\/sant-vicent4.jpg\" alt=\"\" width=\"1140\" height=\"760\" srcset=\"https:\/\/www.fogueretes.com\/wp-content\/uploads\/2017\/09\/sant-vicent4.jpg 1140w, https:\/\/www.fogueretes.com\/wp-content\/uploads\/2017\/09\/sant-vicent4-150x100.jpg 150w, https:\/\/www.fogueretes.com\/wp-content\/uploads\/2017\/09\/sant-vicent4-300x200.jpg 300w, https:\/\/www.fogueretes.com\/wp-content\/uploads\/2017\/09\/sant-vicent4-768x512.jpg 768w, https:\/\/www.fogueretes.com\/wp-content\/uploads\/2017\/09\/sant-vicent4-1024x683.jpg 1024w\" sizes=\"auto, (max-width: 1140px) 100vw, 1140px\" \/><\/a><\/p>\n<p><!-- ec2381790213d564c29f03d33424ee00 --><\/div>\n","protected":false},"excerpt":{"rendered":"<p>setREVStartSize({c: jQuery(&lsquo;#rev_slider_12_1&rsquo;), gridwidth: [1140], gridheight: [525], sliderLayout: &lsquo;auto&rsquo;}); var revapi12, tpj=jQuery; tpj(document).ready(function() { if(tpj(\u00ab\u00a0#rev_slider_12_1\u00a0\u00bb).revolution == undefined){ revslider_showDoubleJqueryError(\u00ab\u00a0#rev_slider_12_1\u00a0\u00bb); }else{ revapi12 = tpj(\u00ab\u00a0#rev_slider_12_1&Prime;).show().revolution({ sliderType:\u00a0\u00bbstandard\u00a0\u00bb, jsFileLocation:\u00a0\u00bb\/\/www.fogueretes.com\/wp-content\/plugins\/revslider\/public\/assets\/js\/\u00a0\u00bb, sliderLayout:\u00a0\u00bbauto\u00a0\u00bb, dottedOverlay:\u00a0\u00bbnone\u00a0\u00bb, delay:9000, navigation: { onHoverStop:\u00a0\u00bboff\u00a0\u00bb, }, visibilityLevels:[1240,1024,778,480], gridwidth:1140, gridheight:525, lazyType:\u00a0\u00bbnone\u00a0\u00bb, shadow:0, spinner:\u00a0\u00bbspinner0&Prime;, stopLoop:\u00a0\u00bboff\u00a0\u00bb, stopAfterLoops:-1, stopAtSlide:-1, shuffle:\u00a0\u00bboff\u00a0\u00bb, autoHeight:\u00a0\u00bboff\u00a0\u00bb, disableProgressBar:\u00a0\u00bbon\u00a0\u00bb, hideThumbsOnMobile:\u00a0\u00bboff\u00a0\u00bb, hideSliderAtLimit:0, hideCaptionAtLimit:0, hideAllCaptionAtLilmit:0, debugMode:false, fallbacks: { simplifyAll:\u00a0\u00bboff\u00a0\u00bb, nextSlideOnWindowFocus:\u00a0\u00bboff\u00a0\u00bb, disableFocusListener:false, } }); } [&hellip;]<\/p>\n","protected":false},"author":2,"featured_media":0,"parent":0,"menu_order":0,"comment_status":"closed","ping_status":"closed","template":"page-template-custom.php","meta":{"footnotes":""},"class_list":["post-849","page","type-page","status-publish","hentry"],"_links":{"self":[{"href":"https:\/\/www.fogueretes.com\/fr\/wp-json\/wp\/v2\/pages\/849","targetHints":{"allow":["GET"]}}],"collection":[{"href":"https:\/\/www.fogueretes.com\/fr\/wp-json\/wp\/v2\/pages"}],"about":[{"href":"https:\/\/www.fogueretes.com\/fr\/wp-json\/wp\/v2\/types\/page"}],"author":[{"embeddable":true,"href":"https:\/\/www.fogueretes.com\/fr\/wp-json\/wp\/v2\/users\/2"}],"replies":[{"embeddable":true,"href":"https:\/\/www.fogueretes.com\/fr\/wp-json\/wp\/v2\/comments?post=849"}],"version-history":[{"count":3,"href":"https:\/\/www.fogueretes.com\/fr\/wp-json\/wp\/v2\/pages\/849\/revisions"}],"predecessor-version":[{"id":852,"href":"https:\/\/www.fogueretes.com\/fr\/wp-json\/wp\/v2\/pages\/849\/revisions\/852"}],"wp:attachment":[{"href":"https:\/\/www.fogueretes.com\/fr\/wp-json\/wp\/v2\/media?parent=849"}],"curies":[{"name":"wp","href":"https:\/\/api.w.org\/{rel}","templated":true}]}}