{"id":853,"date":"2017-09-27T19:04:45","date_gmt":"2017-09-27T17:04:45","guid":{"rendered":"http:\/\/www.fogueretes.com\/fr\/agullent\/"},"modified":"2017-11-20T18:35:50","modified_gmt":"2017-11-20T17:35:50","slug":"agullent","status":"publish","type":"page","link":"https:\/\/www.fogueretes.com\/fr\/agullent\/","title":{"rendered":"Agullent"},"content":{"rendered":"<div class=\"fw-page-builder-content\"><img loading=\"lazy\" decoding=\"async\" src=\"http:\/\/www.fogueretes.com\/wp-content\/uploads\/2017\/09\/agullent-header-negre.jpg\" alt=\"\" title=\"agullent-header-negre\" width=\"1140\" height=\"525\" data-bgposition=\"center center\" data-bgfit=\"cover\" data-bgrepeat=\"no-repeat\" class=\"rev-slidebg\" data-no-retina><br \/>\nsetREVStartSize({c: jQuery(&lsquo;#rev_slider_9_1&rsquo;), gridwidth: [1140], gridheight: [525], sliderLayout: &lsquo;auto&rsquo;});<br \/>\nvar revapi9,<br \/>\n tpj=jQuery;<br \/>\ntpj(document).ready(function() {<br \/>\n if(tpj(\u00ab\u00a0#rev_slider_9_1\u00a0\u00bb).revolution == undefined){<br \/>\n revslider_showDoubleJqueryError(\u00ab\u00a0#rev_slider_9_1\u00a0\u00bb);<br \/>\n }else{<br \/>\n revapi9 = tpj(\u00ab\u00a0#rev_slider_9_1&Prime;).show().revolution({<br \/>\n sliderType:\u00a0\u00bbstandard\u00a0\u00bb,<br \/>\n jsFileLocation:\u00a0\u00bb\/\/www.fogueretes.com\/wp-content\/plugins\/revslider\/public\/assets\/js\/\u00a0\u00bb,<br \/>\n sliderLayout:\u00a0\u00bbauto\u00a0\u00bb,<br \/>\n dottedOverlay:\u00a0\u00bbnone\u00a0\u00bb,<br \/>\n delay:9000,<br \/>\n navigation: {<br \/>\n onHoverStop:\u00a0\u00bboff\u00a0\u00bb,<br \/>\n },<br \/>\n visibilityLevels:[1240,1024,778,480],<br \/>\n gridwidth:1140,<br \/>\n gridheight:525,<br \/>\n lazyType:\u00a0\u00bbnone\u00a0\u00bb,<br \/>\n shadow:0,<br \/>\n spinner:\u00a0\u00bbspinner0&Prime;,<br \/>\n stopLoop:\u00a0\u00bboff\u00a0\u00bb,<br \/>\n stopAfterLoops:-1,<br \/>\n stopAtSlide:-1,<br \/>\n shuffle:\u00a0\u00bboff\u00a0\u00bb,<br \/>\n autoHeight:\u00a0\u00bboff\u00a0\u00bb,<br \/>\n disableProgressBar:\u00a0\u00bbon\u00a0\u00bb,<br \/>\n hideThumbsOnMobile:\u00a0\u00bboff\u00a0\u00bb,<br \/>\n hideSliderAtLimit:0,<br \/>\n hideCaptionAtLimit:0,<br \/>\n hideAllCaptionAtLilmit:0,<br \/>\n debugMode:false,<br \/>\n fallbacks: {<br \/>\n simplifyAll:\u00a0\u00bboff\u00a0\u00bb,<br \/>\n nextSlideOnWindowFocus:\u00a0\u00bboff\u00a0\u00bb,<br \/>\n disableFocusListener:false,<br \/>\n }<br \/>\n });<br \/>\n }<br \/>\n}); \/*ready*\/<\/p>\n<h1 class=\"\" style=\"color: #f4f4f4\">Agullent<\/h1>\n<p>Agullent est situ\u00e9 \u00e0 moins d&rsquo;une heure de Valence et d&rsquo;Alicante. Une distance suffisante pour visiter un village \u00e0 l\u2019int\u00e9rieur des terres, avec son lien fort avec la nature, son patrimoine et ses traditions comme la Nuit des Feux de Joie ou les F\u00eates des Maures et des Chr\u00e9tiens (une semaine apr\u00e8s P\u00e2ques).<\/p>\n<p>Clou\u00e9 aux pieds de la Sierra d&rsquo;Agullent, le village est un point n\u00e9vralgique de sortie de nombreuses routes d\u2019excursions, et un excellent lieu de repos ou pour faire un tour, avec des logements pour tout budget: une maison rurale, l&rsquo;ermitage de Saint Vincent Ferrer et un h\u00f4tel rural plac\u00e9 dans l\u2019ancien Moulin \u00e0 Farine o\u00f9 il y a une petite collection mus\u00e9ographique qui peut \u00eatre visit\u00e9e.<\/p>\n<p>La Source du Patge, la Covalta ou la Cave des Finestres sont des destinations de randonn\u00e9e qui nous permettent de nous rapprocher de la Sierra Mariola dont son acc\u00e8s se fait depuis Agres ou Alfafara. De plus, depuis l&rsquo;ermitage de Sant Vicent Ferrer on peut entreprendre cinq routes de VTT balis\u00e9es et s\u2019en informer au centre d&rsquo;information officielle sur le r\u00e9seau de routes VTT de la R\u00e9gion Valencienne. Certaines routes de randonn\u00e9e et de VTT sont recens\u00e9es dans l&rsquo;APP les \u00ab\u00a0Routes Agullent\u00a0\u00bb.<\/p>\n<p>Durant la visite du village il faut aller jusqu&rsquo;au puits \u00e0 glace, l&rsquo;ermitage, les lavoirs et, naturellement, au parc de la Fontaine Jordana. Il faut aussi faire une \u00ab\u00a0d\u00e9gustation\u00a0\u00bb de la gastronomie locale, comme les charcuteries traditionnelles, les plats de riz, la bi\u00e8re artisanale et \u00e9cologique Lluna Blanca d&rsquo;Agullent, ou bien le vin de la Maison des Vignes.<\/p>\n<p>\u00c0 la fin du jour, c&rsquo;est le moment d&rsquo;inspirer lentement en profitant du paysage qu&rsquo;offrent<\/p>\n<p>Agullent vous offre le calme, vous venez?<\/p>\n<p><a href=\"http:\/\/www.turismeagullent.com\" target=\"_blank\" class=\"button orange\" style=\"\">Tourisme Agullent<\/a><br \/>\n<a href=\"https:\/\/goo.gl\/maps\/ft2eA6hwYZG2\" target=\"_blank\" class=\"button red\" style=\"\">Agullent sur la carte<\/a><br \/>\n<a href=\"mailto:info@turismeagullent.com\" target=\"_blank\" class=\"button pink\" style=\"\">Contactez-nous<\/a><\/p>\n<p><a class=\"zoom lightbox\" href=\"http:\/\/www.fogueretes.com\/\/wp-content\/uploads\/2017\/09\/agullent04.jpg\"><img loading=\"lazy\" decoding=\"async\" class=\"alignnone wp-image-644 size-full\" src=\"http:\/\/www.fogueretes.com\/\/wp-content\/uploads\/2017\/09\/agullent04.jpg\" alt=\"\" width=\"1140\" height=\"760\" srcset=\"https:\/\/www.fogueretes.com\/wp-content\/uploads\/2017\/09\/agullent04.jpg 1140w, https:\/\/www.fogueretes.com\/wp-content\/uploads\/2017\/09\/agullent04-150x100.jpg 150w, https:\/\/www.fogueretes.com\/wp-content\/uploads\/2017\/09\/agullent04-300x200.jpg 300w, https:\/\/www.fogueretes.com\/wp-content\/uploads\/2017\/09\/agullent04-768x512.jpg 768w, https:\/\/www.fogueretes.com\/wp-content\/uploads\/2017\/09\/agullent04-1024x683.jpg 1024w\" sizes=\"auto, (max-width: 1140px) 100vw, 1140px\" \/><\/a><\/p>\n<p><a class=\"zoom lightbox\" href=\"http:\/\/www.fogueretes.com\/\/wp-content\/uploads\/2017\/09\/agullent02.jpg\"><img loading=\"lazy\" decoding=\"async\" class=\"alignnone wp-image-642 size-full\" src=\"http:\/\/www.fogueretes.com\/\/wp-content\/uploads\/2017\/09\/agullent02.jpg\" alt=\"\" width=\"1140\" height=\"760\" srcset=\"https:\/\/www.fogueretes.com\/wp-content\/uploads\/2017\/09\/agullent02.jpg 1140w, https:\/\/www.fogueretes.com\/wp-content\/uploads\/2017\/09\/agullent02-150x100.jpg 150w, https:\/\/www.fogueretes.com\/wp-content\/uploads\/2017\/09\/agullent02-300x200.jpg 300w, https:\/\/www.fogueretes.com\/wp-content\/uploads\/2017\/09\/agullent02-768x512.jpg 768w, https:\/\/www.fogueretes.com\/wp-content\/uploads\/2017\/09\/agullent02-1024x683.jpg 1024w\" sizes=\"auto, (max-width: 1140px) 100vw, 1140px\" \/><\/a><\/p>\n<p><a class=\"zoom lightbox\" href=\"http:\/\/www.fogueretes.com\/\/wp-content\/uploads\/2017\/09\/agullent03.jpg\"><img loading=\"lazy\" decoding=\"async\" class=\"alignnone wp-image-643 size-full\" src=\"http:\/\/www.fogueretes.com\/\/wp-content\/uploads\/2017\/09\/agullent03.jpg\" alt=\"\" width=\"1140\" height=\"760\" srcset=\"https:\/\/www.fogueretes.com\/wp-content\/uploads\/2017\/09\/agullent03.jpg 1140w, https:\/\/www.fogueretes.com\/wp-content\/uploads\/2017\/09\/agullent03-150x100.jpg 150w, https:\/\/www.fogueretes.com\/wp-content\/uploads\/2017\/09\/agullent03-300x200.jpg 300w, https:\/\/www.fogueretes.com\/wp-content\/uploads\/2017\/09\/agullent03-768x512.jpg 768w, https:\/\/www.fogueretes.com\/wp-content\/uploads\/2017\/09\/agullent03-1024x683.jpg 1024w\" sizes=\"auto, (max-width: 1140px) 100vw, 1140px\" \/><\/a><\/p>\n<p><a class=\"zoom lightbox\" href=\"http:\/\/www.fogueretes.com\/wp-content\/uploads\/2017\/10\/agullent-Raul-Beneito.jpg\"><img loading=\"lazy\" decoding=\"async\" class=\"alignnone wp-image-816 size-full\" src=\"http:\/\/www.fogueretes.com\/wp-content\/uploads\/2017\/10\/agullent-Raul-Beneito.jpg\" alt=\"\" width=\"1140\" height=\"760\" srcset=\"https:\/\/www.fogueretes.com\/wp-content\/uploads\/2017\/10\/agullent-Raul-Beneito.jpg 1140w, https:\/\/www.fogueretes.com\/wp-content\/uploads\/2017\/10\/agullent-Raul-Beneito-150x100.jpg 150w, https:\/\/www.fogueretes.com\/wp-content\/uploads\/2017\/10\/agullent-Raul-Beneito-300x200.jpg 300w, https:\/\/www.fogueretes.com\/wp-content\/uploads\/2017\/10\/agullent-Raul-Beneito-768x512.jpg 768w, https:\/\/www.fogueretes.com\/wp-content\/uploads\/2017\/10\/agullent-Raul-Beneito-1024x683.jpg 1024w\" sizes=\"auto, (max-width: 1140px) 100vw, 1140px\" \/><\/a><\/p>\n<p><!-- fe690c2769a191186e49c750f2422dba --><\/div>\n","protected":false},"excerpt":{"rendered":"<p>setREVStartSize({c: jQuery(&lsquo;#rev_slider_9_1&rsquo;), gridwidth: [1140], gridheight: [525], sliderLayout: &lsquo;auto&rsquo;}); var revapi9, tpj=jQuery; tpj(document).ready(function() { if(tpj(\u00ab\u00a0#rev_slider_9_1\u00a0\u00bb).revolution == undefined){ revslider_showDoubleJqueryError(\u00ab\u00a0#rev_slider_9_1\u00a0\u00bb); }else{ revapi9 = tpj(\u00ab\u00a0#rev_slider_9_1&Prime;).show().revolution({ sliderType:\u00a0\u00bbstandard\u00a0\u00bb, jsFileLocation:\u00a0\u00bb\/\/www.fogueretes.com\/wp-content\/plugins\/revslider\/public\/assets\/js\/\u00a0\u00bb, sliderLayout:\u00a0\u00bbauto\u00a0\u00bb, dottedOverlay:\u00a0\u00bbnone\u00a0\u00bb, delay:9000, navigation: { onHoverStop:\u00a0\u00bboff\u00a0\u00bb, }, visibilityLevels:[1240,1024,778,480], gridwidth:1140, gridheight:525, lazyType:\u00a0\u00bbnone\u00a0\u00bb, shadow:0, spinner:\u00a0\u00bbspinner0&Prime;, stopLoop:\u00a0\u00bboff\u00a0\u00bb, stopAfterLoops:-1, stopAtSlide:-1, shuffle:\u00a0\u00bboff\u00a0\u00bb, autoHeight:\u00a0\u00bboff\u00a0\u00bb, disableProgressBar:\u00a0\u00bbon\u00a0\u00bb, hideThumbsOnMobile:\u00a0\u00bboff\u00a0\u00bb, hideSliderAtLimit:0, hideCaptionAtLimit:0, hideAllCaptionAtLilmit:0, debugMode:false, fallbacks: { simplifyAll:\u00a0\u00bboff\u00a0\u00bb, nextSlideOnWindowFocus:\u00a0\u00bboff\u00a0\u00bb, disableFocusListener:false, } }); } [&hellip;]<\/p>\n","protected":false},"author":2,"featured_media":0,"parent":0,"menu_order":0,"comment_status":"closed","ping_status":"closed","template":"page-template-custom.php","meta":{"footnotes":""},"class_list":["post-853","page","type-page","status-publish","hentry"],"_links":{"self":[{"href":"https:\/\/www.fogueretes.com\/fr\/wp-json\/wp\/v2\/pages\/853","targetHints":{"allow":["GET"]}}],"collection":[{"href":"https:\/\/www.fogueretes.com\/fr\/wp-json\/wp\/v2\/pages"}],"about":[{"href":"https:\/\/www.fogueretes.com\/fr\/wp-json\/wp\/v2\/types\/page"}],"author":[{"embeddable":true,"href":"https:\/\/www.fogueretes.com\/fr\/wp-json\/wp\/v2\/users\/2"}],"replies":[{"embeddable":true,"href":"https:\/\/www.fogueretes.com\/fr\/wp-json\/wp\/v2\/comments?post=853"}],"version-history":[{"count":3,"href":"https:\/\/www.fogueretes.com\/fr\/wp-json\/wp\/v2\/pages\/853\/revisions"}],"predecessor-version":[{"id":867,"href":"https:\/\/www.fogueretes.com\/fr\/wp-json\/wp\/v2\/pages\/853\/revisions\/867"}],"wp:attachment":[{"href":"https:\/\/www.fogueretes.com\/fr\/wp-json\/wp\/v2\/media?parent=853"}],"curies":[{"name":"wp","href":"https:\/\/api.w.org\/{rel}","templated":true}]}}